{"id":2306,"date":"2022-03-23T11:08:21","date_gmt":"2022-03-23T11:08:21","guid":{"rendered":"http:\/\/185.37.22.83:82\/?page_id=2306"},"modified":"2025-01-22T14:02:28","modified_gmt":"2025-01-22T14:02:28","slug":"sorteren","status":"publish","type":"page","link":"https:\/\/visveilingurk.nl\/da\/sorteren\/","title":{"rendered":"Sorteren"},"content":{"rendered":"<div data-elementor-type=\"wp-page\" data-elementor-id=\"2306\" class=\"elementor elementor-2306\">\n\t\t\t\t\t\t<section class=\"elementor-section elementor-top-section elementor-element elementor-element-1cdde1f4 elementor-section-boxed elementor-section-height-default elementor-section-height-default\" data-id=\"1cdde1f4\" data-element_type=\"section\">\n\t\t\t\t\t\t<div class=\"elementor-container elementor-column-gap-default\">\n\t\t\t\t\t<div class=\"elementor-column elementor-col-100 elementor-top-column elementor-element elementor-element-402eb7e2\" data-id=\"402eb7e2\" data-element_type=\"column\">\n\t\t\t<div class=\"elementor-widget-wrap elementor-element-populated\">\n\t\t\t\t\t\t<div class=\"elementor-element elementor-element-6821c9e7 elementor-widget elementor-widget-text-editor\" data-id=\"6821c9e7\" data-element_type=\"widget\" data-widget_type=\"text-editor.default\">\n\t\t\t\t<div class=\"elementor-widget-container\">\n\t\t\t\t\t\t\t\t\t<div class=\"vc_row wpb_row vc_row-fluid\"><div class=\"wpb_column vc_column_container vc_col-md-12\"><div class=\"vc_column-inner\"><div class=\"wpb_wrapper\">\n\t<div class=\"wpb_text_column wpb_content_element\" >\n\t\t<div class=\"wpb_wrapper\">\n\t\t\t<p><h2 class='heading-left  divider-modern'  style='color: #0c2c65'><span>Fiskesortering<\/span><\/h2><span style=\"color: var( --e-global-color-text ); font-family: var( --e-global-typography-text-font-family ), Sans-serif; font-weight: var( --e-global-typography-text-font-weight );\"><div class=\"vc_row wpb_row vc_row-fluid\"><\/div><div class=\"wpb_column vc_column_container vc_col-md-12\"><div class=\"vc_column-inner\"><div class=\"wpb_wrapper\"><\/div><\/div><\/div>\n\t<div class=\"wpb_text_column wpb_content_element\" >\n\t\t<div class=\"wpb_wrapper\">\n\t\t\t\n\t\t<\/div>\n\t<\/div>\n<\/span><\/p>\n<p>Bygningen hos Visafslag Urk B.V. bygger p\u00e5 en gennemt\u00e6nkt logistisk h\u00e5ndtering af fisken i hele auktionsprocessen. Denne logistik g\u00f8r det muligt at klarg\u00f8re store m\u00e6ngder fisk i h\u00f8j fart til salg. K\u00f8lelastbiler l\u00e6sser deres last af via sluserne i den vestlige del af bygningen og placerer fisken i den k\u00f8lede sorteringshal. Her sorteres kasserne med fisk efter art og st\u00f8rrelse.<\/p>\n<p><strong><em>Sorteringen kan foretages b\u00e5de manuelt og maskinelt.<\/em><\/strong> Sorteringsmedarbejderne f\u00e6rdigg\u00f8r partierne, hvorefter gaffeltrucken transporterer fisken til vejning og videre ind i de k\u00f8lede haller mod \u00f8st. P\u00e5 auktionsdage fungerer disse haller samtidig som besigtigelsesrum for k\u00f8berne.<\/p>\n<p>N\u00e5r fisken er solgt, flyttes den gennem den \u00f8stlige udgang fra k\u00f8lehallerne og videre til de ventende k\u00f8lelastbiler ved sluserne. Specielt til mindre transport\u00f8rer er der et s\u00e6rskilt l\u00e6sseomr\u00e5de, hvor man arbejder med l\u00f8fteplatforme for at sikre en hurtig afvikling af den afk\u00f8lede fisk.<\/p>\n<h2>Fiskesortering for tredjepart<\/h2>\n<p>Det er muligt! Vi sorterer ogs\u00e5 for andre. Vores maskiner kan h\u00e5ndtere en bred vifte af fiskearter og sortere efter st\u00f8rrelse eller v\u00e6gt. Hvis du er interesseret i denne tjeneste, kan du kontakte os via <a href=\"mailto:info@visveilingurk.nl\">info@visveilingurk.nl<\/a>, hvorefter en af vores planl\u00e6ggere vil tage kontakt til dig.<\/p>\n\n\t\t<\/div>\n\t<\/div>\n<\/div><\/div><\/div><div class=\"wpb_column vc_column_container vc_col-md-6\"><div class=\"vc_column-inner\"><div class=\"wpb_wrapper\">\n\t<div  class=\"wpb_single_image wpb_content_element vc_align_left\">\n\t\t\n\t\t<figure class=\"wpb_wrapper vc_figure\">\n\t\t\t<div class=\"vc_single_image-wrapper   vc_box_border_grey\"><img fetchpriority=\"high\" decoding=\"async\" width=\"980\" height=\"654\" src=\"https:\/\/visveilingurk.nl\/wp-content\/uploads\/2022\/04\/DSC02621-1024x683.jpg\" class=\"vc_single_image-img attachment-large\" alt=\"\" srcset=\"https:\/\/visveilingurk.nl\/wp-content\/uploads\/2022\/04\/DSC02621-1024x683.jpg 1024w, https:\/\/visveilingurk.nl\/wp-content\/uploads\/2022\/04\/DSC02621-300x200.jpg 300w, https:\/\/visveilingurk.nl\/wp-content\/uploads\/2022\/04\/DSC02621-768x512.jpg 768w, https:\/\/visveilingurk.nl\/wp-content\/uploads\/2022\/04\/DSC02621-1536x1024.jpg 1536w, https:\/\/visveilingurk.nl\/wp-content\/uploads\/2022\/04\/DSC02621-2048x1365.jpg 2048w, https:\/\/visveilingurk.nl\/wp-content\/uploads\/2022\/04\/DSC02621-600x400.jpg 600w\" sizes=\"(max-width: 980px) 100vw, 980px\" \/><\/div>\n\t\t<\/figure>\n\t<\/div>\n<\/div><\/div><\/div><\/div><div class=\"vc_row wpb_row vc_row-fluid\"><div class=\"wpb_column vc_column_container vc_col-md-12\"><div class=\"vc_column-inner\"><div class=\"wpb_wrapper\"><section class=\"vc_cta3-container\"><div class=\"vc_general vc_cta3 vc_cta3-style-classic vc_cta3-shape-rounded vc_cta3-align-left vc_cta3-color-classic vc_cta3-icon-size-md vc_cta3-actions-left\"><div class=\"vc_cta3_content-container\"><div class=\"vc_cta3-actions\"><div class=\"vc_btn3-container vc_btn3-inline\"><a class=\"vc_general vc_btn3 vc_btn3-size-lg vc_btn3-shape-rounded vc_btn3-style-modern vc_btn3-color-grey\" href=\"https:\/\/visveilingurk.nl\/da\/?page_id=2629\" title=\"Vacatures\" target=\"_self\">Contactformulier: Werken bij Vissorteerders<\/a><\/div>\n<\/div><div class=\"vc_cta3-content\"><header class=\"vc_cta3-content-header\"><h2>Job hos sorteringsmedarbejderne?<\/h2><\/header><p>Det kan lade sig g\u00f8re! Klik her for at udfylde kontaktformularen. Sorteringsformanden vil kontakte dig, n\u00e5r der er jobmuligheder.<\/p>\n<\/div><\/div><\/div><\/section><\/div><\/div><\/div><\/div>\t\t\t\t\t\t\t\t<\/div>\n\t\t\t\t<\/div>\n\t\t\t\t\t<\/div>\n\t\t<\/div>\n\t\t\t\t\t<\/div>\n\t\t<\/section>\n\t\t\t\t<\/div>","protected":false},"excerpt":{"rendered":"Vis sorteren Het complex van de Visafslag Urk bv is gebaseerd op een weldoordachte logistiek verwerking van de vis in het totale veilproces. Door deze logistiek is het mogelijk om grote hoeveelheden vis in hoge snelheid gereed te maken voor &hellip;","protected":false},"author":1,"featured_media":0,"parent":0,"menu_order":0,"comment_status":"closed","ping_status":"closed","template":"","meta":{"footnotes":""},"class_list":["post-2306","page","type-page","status-publish","hentry"],"aioseo_notices":[],"_links":{"self":[{"href":"https:\/\/visveilingurk.nl\/da\/wp-json\/wp\/v2\/pages\/2306","targetHints":{"allow":["GET"]}}],"collection":[{"href":"https:\/\/visveilingurk.nl\/da\/wp-json\/wp\/v2\/pages"}],"about":[{"href":"https:\/\/visveilingurk.nl\/da\/wp-json\/wp\/v2\/types\/page"}],"author":[{"embeddable":true,"href":"https:\/\/visveilingurk.nl\/da\/wp-json\/wp\/v2\/users\/1"}],"replies":[{"embeddable":true,"href":"https:\/\/visveilingurk.nl\/da\/wp-json\/wp\/v2\/comments?post=2306"}],"version-history":[{"count":27,"href":"https:\/\/visveilingurk.nl\/da\/wp-json\/wp\/v2\/pages\/2306\/revisions"}],"predecessor-version":[{"id":4139,"href":"https:\/\/visveilingurk.nl\/da\/wp-json\/wp\/v2\/pages\/2306\/revisions\/4139"}],"wp:attachment":[{"href":"https:\/\/visveilingurk.nl\/da\/wp-json\/wp\/v2\/media?parent=2306"}],"curies":[{"name":"wp","href":"https:\/\/api.w.org\/{rel}","templated":true}]}}