{"id":2329,"date":"2022-03-23T11:13:54","date_gmt":"2022-03-23T11:13:54","guid":{"rendered":"http:\/\/185.37.22.83:82\/?page_id=2329"},"modified":"2025-01-22T13:58:01","modified_gmt":"2025-01-22T13:58:01","slug":"ons-veilproces","status":"publish","type":"page","link":"https:\/\/visveilingurk.nl\/da\/ons-veilproces\/","title":{"rendered":"Vores auktionsproces"},"content":{"rendered":"<div data-elementor-type=\"wp-page\" data-elementor-id=\"2329\" class=\"elementor elementor-2329\">\n\t\t\t\t\t\t<section class=\"elementor-section elementor-top-section elementor-element elementor-element-7c7939e0 elementor-section-boxed elementor-section-height-default elementor-section-height-default\" data-id=\"7c7939e0\" data-element_type=\"section\">\n\t\t\t\t\t\t<div class=\"elementor-container elementor-column-gap-default\">\n\t\t\t\t\t<div class=\"elementor-column elementor-col-100 elementor-top-column elementor-element elementor-element-73474de9\" data-id=\"73474de9\" data-element_type=\"column\">\n\t\t\t<div class=\"elementor-widget-wrap elementor-element-populated\">\n\t\t\t\t\t\t<div class=\"elementor-element elementor-element-5cc32350 elementor-widget elementor-widget-text-editor\" data-id=\"5cc32350\" data-element_type=\"widget\" data-widget_type=\"text-editor.default\">\n\t\t\t\t<div class=\"elementor-widget-container\">\n\t\t\t\t\t\t\t\t\t<div class=\"vc_row wpb_row vc_row-fluid\"><div class=\"wpb_column vc_column_container vc_col-md-12\"><div class=\"vc_column-inner\"><div class=\"wpb_wrapper\"><h2 class='heading-left  divider-modern'  style='color: #000000'><span>Vores auktionsproces<\/span><\/h2><\/div><\/div><\/div><\/div><div class=\"vc_row wpb_row vc_row-fluid\"><div class=\"wpb_column vc_column_container vc_col-md-12\"><div class=\"vc_column-inner\"><div class=\"wpb_wrapper\">\n\t<div class=\"wpb_text_column wpb_content_element\" >\n\t\t<div class=\"wpb_wrapper\">\n\t\t\t<p>I den moderne auktionssal hos Visveiling Urk projiceres auktionen p\u00e5 to sk\u00e6rme. P\u00e5 den ene k\u00f8rer auktionsuret (\u201cklokken\u201d), p\u00e5 den anden k\u00f8rer vejeinformationssystemet. Derved kan man vise langt flere informationer, end man kan med et traditionelt auktionsur. Fordelen er, at positionerne for auktionsur og vejeinformationssystem kan byttes rundt, hvilket g\u00f8r hele systemet mindre s\u00e5rbart over for fejl.<\/p>\n<p>P\u00e5 auktionsuret vises foruden den aktuelle part fisk ogs\u00e5 de seks kommende partier og de fem allerede handlede partier. P\u00e5 denne m\u00e5de kan en k\u00f8ber let bevare overblikket over (pris)udviklingen. Det computerstyrede auktionsnetv\u00e6rk er forbundet med det administrative netv\u00e6rk, s\u00e5 handlernes transaktioner n\u00e6sten straks bliver h\u00e5ndteret administrativt og kan tilg\u00e5s via internettet.<\/p>\n<p>K\u00f8beren har adgang til et moderne tastatur med display. Her kan han uden auktionarius\u2019 mellemkomst angive, hvor mange kilo der \u00f8nskes per stik eller per kasse. P\u00e5 displayet kan k\u00f8beren f\u00e5 vist sine egne transaktioner, udskrive dem eller f\u00e5 vist oplysninger om sin kredit.<\/p>\n<p>Derudover kan k\u00f8beren f\u00e5 vist en \u201cloadliste\u201d med relevante oplysninger om sine k\u00f8b. Hver plads er forsynet med to dataforbindelser, hvor man f.eks. kan tilslutte en b\u00e6rbar computer.<br \/>Hver k\u00f8ber i auktionssalen hos Visafslag Urk B.V. har sin egen plads. I praksis betyder det, at 50 til 60 k\u00f8bere kan tage plads p\u00e5 b\u00e6nkene.<\/p>\n<p>Ved str\u00f8mafbrydelse sikrer et n\u00f8dstr\u00f8msanl\u00e6g bagerst i auktionskomplekset, at auktionen kan forts\u00e6tte uhindret.<\/p>\n\n\t\t<\/div>\n\t<\/div>\n<\/div><\/div><\/div><div class=\"wpb_column vc_column_container vc_col-md-2\"><div class=\"vc_column-inner\"><div class=\"wpb_wrapper\"><\/div><\/div><\/div><\/div><div data-vc-full-width=\"true\" data-vc-full-width-init=\"false\" class=\"vc_row wpb_row vc_row-fluid no-bottom-padding-row vc_custom_1669804755998 vc_row-has-fill\"><div class=\"wpb_column vc_column_container vc_col-md-12 vc_col-has-fill\"><div class=\"vc_column-inner vc_custom_1669804738339\"><div class=\"wpb_wrapper\"><div class=\"download\"><div class='download-content text-uppercase' style='color: #ffffff'>Download her en PDF til en auktionsfuldmagt<\/div><a target='_blank' href='https:\/\/visveilingurk.nl\/wp-content\/uploads\/2025\/01\/Authorization-form-VVU.pdf' class='btn btn-md btn-dark btn-shadow'>Download<\/a><\/div><\/div><\/div><\/div><\/div><div class=\"vc_row-full-width vc_clearfix\"><\/div>\t\t\t\t\t\t\t\t<\/div>\n\t\t\t\t<\/div>\n\t\t\t\t\t<\/div>\n\t\t<\/div>\n\t\t\t\t\t<\/div>\n\t\t<\/section>\n\t\t\t\t<\/div>","protected":false},"excerpt":{"rendered":"Ons veilproces In de moderne mijnzaal van visveiling Urk wordt de veiling op 2 beamers geprojecteerd. Op de ene beamer draait de klok, op de andere \u00a0het weeginformatie systeem. Hierdoor kan er veel meer informatie worden laten gezien dan bij &hellip;","protected":false},"author":1,"featured_media":0,"parent":0,"menu_order":0,"comment_status":"closed","ping_status":"closed","template":"","meta":{"footnotes":""},"class_list":["post-2329","page","type-page","status-publish","hentry"],"aioseo_notices":[],"_links":{"self":[{"href":"https:\/\/visveilingurk.nl\/da\/wp-json\/wp\/v2\/pages\/2329","targetHints":{"allow":["GET"]}}],"collection":[{"href":"https:\/\/visveilingurk.nl\/da\/wp-json\/wp\/v2\/pages"}],"about":[{"href":"https:\/\/visveilingurk.nl\/da\/wp-json\/wp\/v2\/types\/page"}],"author":[{"embeddable":true,"href":"https:\/\/visveilingurk.nl\/da\/wp-json\/wp\/v2\/users\/1"}],"replies":[{"embeddable":true,"href":"https:\/\/visveilingurk.nl\/da\/wp-json\/wp\/v2\/comments?post=2329"}],"version-history":[{"count":16,"href":"https:\/\/visveilingurk.nl\/da\/wp-json\/wp\/v2\/pages\/2329\/revisions"}],"predecessor-version":[{"id":4132,"href":"https:\/\/visveilingurk.nl\/da\/wp-json\/wp\/v2\/pages\/2329\/revisions\/4132"}],"wp:attachment":[{"href":"https:\/\/visveilingurk.nl\/da\/wp-json\/wp\/v2\/media?parent=2329"}],"curies":[{"name":"wp","href":"https:\/\/api.w.org\/{rel}","templated":true}]}}