{"id":2417,"date":"2022-03-24T14:27:03","date_gmt":"2022-03-24T14:27:03","guid":{"rendered":"http:\/\/185.37.22.83:82\/?page_id=2417"},"modified":"2025-01-22T14:29:37","modified_gmt":"2025-01-22T14:29:37","slug":"automatisering","status":"publish","type":"page","link":"https:\/\/visveilingurk.nl\/da\/automatisering\/","title":{"rendered":"Opt\u00f8ning"},"content":{"rendered":"<div data-elementor-type=\"wp-page\" data-elementor-id=\"2417\" class=\"elementor elementor-2417\">\n\t\t\t\t\t\t<section class=\"elementor-section elementor-top-section elementor-element elementor-element-4dcbecd7 elementor-section-boxed elementor-section-height-default elementor-section-height-default\" data-id=\"4dcbecd7\" data-element_type=\"section\">\n\t\t\t\t\t\t<div class=\"elementor-container elementor-column-gap-default\">\n\t\t\t\t\t<div class=\"elementor-column elementor-col-100 elementor-top-column elementor-element elementor-element-8168830\" data-id=\"8168830\" data-element_type=\"column\">\n\t\t\t<div class=\"elementor-widget-wrap elementor-element-populated\">\n\t\t\t\t\t\t<div class=\"elementor-element elementor-element-932b82e elementor-widget elementor-widget-text-editor\" data-id=\"932b82e\" data-element_type=\"widget\" data-widget_type=\"text-editor.default\">\n\t\t\t\t<div class=\"elementor-widget-container\">\n\t\t\t\t\t\t\t\t\t<div class=\"vc_row wpb_row vc_row-fluid\"><\/div><div class=\"wpb_column vc_column_container vc_col-md-6\"><div class=\"vc_column-inner\"><div class=\"wpb_wrapper\"><\/div><\/div><\/div>\n\t<div class=\"wpb_text_column wpb_content_element\" >\n\t\t<div class=\"wpb_wrapper\">\n\t\t\t<p><h2 class='heading-left  divider-modern'  style='color: #0c2c65'><span><em class=\"heading-subtitle\" style='color: #0c2c65'>Urk<\/em>Opt\u00f8ning<\/span><\/h2><span style=\"color: var( --e-global-color-text ); font-family: var( --e-global-typography-text-font-family ), Sans-serif; font-weight: var( --e-global-typography-text-font-weight );\"><\/p>\n\n\t\t<\/div>\n\t<\/div>\n<\/span><\/p>\t\t\t\t\t\t\t\t<\/div>\n\t\t\t\t<\/div>\n\t\t\t\t\t<\/div>\n\t\t<\/div>\n\t\t\t\t\t<\/div>\n\t\t<\/section>\n\t\t\t\t<section class=\"elementor-section elementor-top-section elementor-element elementor-element-6bcdfe1 elementor-section-boxed elementor-section-height-default elementor-section-height-default\" data-id=\"6bcdfe1\" data-element_type=\"section\">\n\t\t\t\t\t\t<div class=\"elementor-container elementor-column-gap-default\">\n\t\t\t\t\t<div class=\"elementor-column elementor-col-50 elementor-top-column elementor-element elementor-element-679b323\" data-id=\"679b323\" data-element_type=\"column\">\n\t\t\t<div class=\"elementor-widget-wrap elementor-element-populated\">\n\t\t\t\t\t\t<div class=\"elementor-element elementor-element-7f5a36f0 elementor-widget elementor-widget-text-editor\" data-id=\"7f5a36f0\" data-element_type=\"widget\" data-widget_type=\"text-editor.default\">\n\t\t\t\t<div class=\"elementor-widget-container\">\n\t\t\t\t\t\t\t\t\t<p><span style=\"color: var( --e-global-color-text ); font-family: var( --e-global-typography-text-font-family ), Sans-serif; font-weight: var( --e-global-typography-text-font-weight );\">\n\t<div class=\"wpb_text_column wpb_content_element\" >\n\t\t<div class=\"wpb_wrapper\">\n\t\t\t<p><\/span>Vi kan i stort omfang opt\u00f8 dybfrossen fisk, bearbejde den og opbevare den ved en p\u00e5 forh\u00e5nd aftalt temperatur. Fiskeauktionen r\u00e5der over flere (store) k\u00f8lehaller, hvor temperaturen bliver overv\u00e5get og kontrolleret meget pr\u00e6cist.Vi kontrollerer ogs\u00e5 temperaturen under denne proces for at sikre, at fisken aldrig overstiger den aftalte gr\u00e6nse.\u00a0<span style=\"color: var( --e-global-color-text ); font-family: var( --e-global-typography-text-font-family ), Sans-serif; font-weight: var( --e-global-typography-text-font-weight );\">Opt\u00f8ningen kan kombineres med en af vores andre processer, f.eks. ompakning af fisken i kasser eller tub\u2019er.<\/span><\/p>\n<p>For yderligere information om opt\u00f8ningsprocessen kan du kontakte os via\u00a0<a href=\"mailto:ontdooien@visveilingurk.nl\">ontdooien@visveilingurk.nl<\/a>.<span style=\"color: var( --e-global-color-text ); font-family: var( --e-global-typography-text-font-family ), Sans-serif; font-weight: var( --e-global-typography-text-font-weight );\"><\/p>\n\n\t\t<\/div>\n\t<\/div>\n<\/span><\/p>\t\t\t\t\t\t\t\t<\/div>\n\t\t\t\t<\/div>\n\t\t\t\t\t<\/div>\n\t\t<\/div>\n\t\t\t\t<div class=\"elementor-column elementor-col-50 elementor-top-column elementor-element elementor-element-622faca\" data-id=\"622faca\" data-element_type=\"column\">\n\t\t\t<div class=\"elementor-widget-wrap elementor-element-populated\">\n\t\t\t\t\t\t<div class=\"elementor-element elementor-element-6afb839 elementor-widget elementor-widget-image\" data-id=\"6afb839\" data-element_type=\"widget\" data-widget_type=\"image.default\">\n\t\t\t\t<div class=\"elementor-widget-container\">\n\t\t\t\t\t\t\t\t\t\t\t\t\t\t\t<img fetchpriority=\"high\" decoding=\"async\" width=\"722\" height=\"368\" src=\"https:\/\/visveilingurk.nl\/wp-content\/uploads\/2023\/12\/0c2c65-722x368.png\" class=\"attachment-anps-featured size-anps-featured wp-image-3889\" alt=\"\" \/>\t\t\t\t\t\t\t\t\t\t\t\t\t\t\t<\/div>\n\t\t\t\t<\/div>\n\t\t\t\t\t<\/div>\n\t\t<\/div>\n\t\t\t\t\t<\/div>\n\t\t<\/section>\n\t\t\t\t<section class=\"elementor-section elementor-top-section elementor-element elementor-element-4cc6224 elementor-section-boxed elementor-section-height-default elementor-section-height-default\" data-id=\"4cc6224\" data-element_type=\"section\">\n\t\t\t\t\t\t<div class=\"elementor-container elementor-column-gap-default\">\n\t\t\t\t\t<div class=\"elementor-column elementor-col-100 elementor-top-column elementor-element elementor-element-397c17c\" data-id=\"397c17c\" data-element_type=\"column\">\n\t\t\t<div class=\"elementor-widget-wrap\">\n\t\t\t\t\t\t\t<\/div>\n\t\t<\/div>\n\t\t\t\t\t<\/div>\n\t\t<\/section>\n\t\t\t\t<section class=\"elementor-section elementor-top-section elementor-element elementor-element-20c1476 elementor-section-boxed elementor-section-height-default elementor-section-height-default\" data-id=\"20c1476\" data-element_type=\"section\">\n\t\t\t\t\t\t<div class=\"elementor-container elementor-column-gap-default\">\n\t\t\t\t\t<div class=\"elementor-column elementor-col-100 elementor-top-column elementor-element elementor-element-93d3ce4\" data-id=\"93d3ce4\" data-element_type=\"column\">\n\t\t\t<div class=\"elementor-widget-wrap\">\n\t\t\t\t\t\t\t<\/div>\n\t\t<\/div>\n\t\t\t\t\t<\/div>\n\t\t<\/section>\n\t\t\t\t<\/div>","protected":false},"excerpt":{"rendered":"UrkOntdooien Wij kunnen op grote schaal diepgevroren vis ontdooien, verwerken en bewaren op een vooraf bepaalde temperatuur. De visafslag beschikt over meerdere (grote) koelcellen waar de temperatuur zeer nauwkeurig geregeld en gewaarborgd kan worden. Wij controleren de temperatuur ook tijdens &hellip;","protected":false},"author":1,"featured_media":0,"parent":0,"menu_order":0,"comment_status":"closed","ping_status":"closed","template":"","meta":{"footnotes":""},"class_list":["post-2417","page","type-page","status-publish","hentry"],"aioseo_notices":[],"_links":{"self":[{"href":"https:\/\/visveilingurk.nl\/da\/wp-json\/wp\/v2\/pages\/2417","targetHints":{"allow":["GET"]}}],"collection":[{"href":"https:\/\/visveilingurk.nl\/da\/wp-json\/wp\/v2\/pages"}],"about":[{"href":"https:\/\/visveilingurk.nl\/da\/wp-json\/wp\/v2\/types\/page"}],"author":[{"embeddable":true,"href":"https:\/\/visveilingurk.nl\/da\/wp-json\/wp\/v2\/users\/1"}],"replies":[{"embeddable":true,"href":"https:\/\/visveilingurk.nl\/da\/wp-json\/wp\/v2\/comments?post=2417"}],"version-history":[{"count":32,"href":"https:\/\/visveilingurk.nl\/da\/wp-json\/wp\/v2\/pages\/2417\/revisions"}],"predecessor-version":[{"id":4162,"href":"https:\/\/visveilingurk.nl\/da\/wp-json\/wp\/v2\/pages\/2417\/revisions\/4162"}],"wp:attachment":[{"href":"https:\/\/visveilingurk.nl\/da\/wp-json\/wp\/v2\/media?parent=2417"}],"curies":[{"name":"wp","href":"https:\/\/api.w.org\/{rel}","templated":true}]}}