{"id":2329,"date":"2022-03-23T11:13:54","date_gmt":"2022-03-23T11:13:54","guid":{"rendered":"http:\/\/185.37.22.83:82\/?page_id=2329"},"modified":"2025-01-22T13:58:01","modified_gmt":"2025-01-22T13:58:01","slug":"ons-veilproces","status":"publish","type":"page","link":"https:\/\/visveilingurk.nl\/de\/ons-veilproces\/","title":{"rendered":"Unser Auktionsprozess"},"content":{"rendered":"<div data-elementor-type=\"wp-page\" data-elementor-id=\"2329\" class=\"elementor elementor-2329\">\n\t\t\t\t\t\t<section class=\"elementor-section elementor-top-section elementor-element elementor-element-7c7939e0 elementor-section-boxed elementor-section-height-default elementor-section-height-default\" data-id=\"7c7939e0\" data-element_type=\"section\">\n\t\t\t\t\t\t<div class=\"elementor-container elementor-column-gap-default\">\n\t\t\t\t\t<div class=\"elementor-column elementor-col-100 elementor-top-column elementor-element elementor-element-73474de9\" data-id=\"73474de9\" data-element_type=\"column\">\n\t\t\t<div class=\"elementor-widget-wrap elementor-element-populated\">\n\t\t\t\t\t\t<div class=\"elementor-element elementor-element-5cc32350 elementor-widget elementor-widget-text-editor\" data-id=\"5cc32350\" data-element_type=\"widget\" data-widget_type=\"text-editor.default\">\n\t\t\t\t<div class=\"elementor-widget-container\">\n\t\t\t\t\t\t\t\t\t<div class=\"vc_row wpb_row vc_row-fluid\"><div class=\"wpb_column vc_column_container vc_col-md-12\"><div class=\"vc_column-inner\"><div class=\"wpb_wrapper\"><h2 class='heading-left  divider-modern'  style='color: #000000'><span>Unser Auktionsprozess<\/span><\/h2><\/div><\/div><\/div><\/div><div class=\"vc_row wpb_row vc_row-fluid\"><div class=\"wpb_column vc_column_container vc_col-md-12\"><div class=\"vc_column-inner\"><div class=\"wpb_wrapper\">\n\t<div class=\"wpb_text_column wpb_content_element\" >\n\t\t<div class=\"wpb_wrapper\">\n\t\t\t<p>Im modernen Auktionssaal der Visveiling Urk wird die Versteigerung auf zwei Beamern projiziert: Auf dem einen l\u00e4uft die Auktionsuhr, auf dem anderen das Wiegeinformationssystem. Dadurch lassen sich wesentlich mehr Informationen anzeigen als bei einer herk\u00f6mmlichen Uhr. Der Vorteil besteht darin, dass sich die Positionen von Uhr und Wiegeinfosystem austauschen lassen, was die St\u00f6ranf\u00e4lligkeit erheblich verringert.<\/p>\n<p>Auf der Auktionsuhr werden neben dem aktuellen Posten auch die kommenden sechs und die bereits f\u00fcnf versteigerten Posten Fisch angezeigt. So k\u00f6nnen H\u00e4ndler problemlos den \u00dcberblick (auch \u00fcber die Preise) behalten. Das computergesteuerte Auktionsnetzwerk ist mit dem Verwaltungsnetzwerk verbunden, sodass H\u00e4ndlertransaktionen nahezu in Echtzeit verarbeitet und \u00fcber das Internet abgerufen werden k\u00f6nnen.<\/p>\n<p>Dem K\u00e4ufer steht eine moderne Tastatur mit Display zur Verf\u00fcgung. Dort kann er ohne Eingreifen des Auktionators die gew\u00fcnschte Anzahl Kilo pro Stechprobe oder Kiste festlegen. Auf dem Display kann er zudem seine eigenen Transaktionen anzeigen, ausdrucken oder Informationen \u00fcber sein Kreditlimit abrufen.<\/p>\n<p>Ebenso kann er eine Ladeliste anfordern, auf der relevante Informationen \u00fcber seine Einkaufdaten stehen. Jeder Platz verf\u00fcgt au\u00dferdem \u00fcber zwei Datenanschl\u00fcsse, an die beispielsweise ein Laptop angeschlossen werden kann.<br \/>Jeder K\u00e4ufer im Auktionssaal der Visafslag Urk bv hat seinen festen Platz. In der Praxis bedeutet das, dass 50 bis 60 K\u00e4ufer in den Sitzreihen Platz nehmen k\u00f6nnen.<\/p>\n<p>Bei einem Stromausfall sorgt ein Generator im hinteren Teil des Auktionskomplexes f\u00fcr Notstrom, sodass jede Auktion ungehindert weiterlaufen kann.<\/p>\n\n\t\t<\/div>\n\t<\/div>\n<\/div><\/div><\/div><div class=\"wpb_column vc_column_container vc_col-md-2\"><div class=\"vc_column-inner\"><div class=\"wpb_wrapper\"><\/div><\/div><\/div><\/div><div data-vc-full-width=\"true\" data-vc-full-width-init=\"false\" class=\"vc_row wpb_row vc_row-fluid no-bottom-padding-row vc_custom_1669804755998 vc_row-has-fill\"><div class=\"wpb_column vc_column_container vc_col-md-12 vc_col-has-fill\"><div class=\"vc_column-inner vc_custom_1669804738339\"><div class=\"wpb_wrapper\"><div class=\"download\"><div class='download-content text-uppercase' style='color: #ffffff'>Laden Sie hier das PDF f\u00fcr eine Auktionsvollmacht herunter<\/div><a target='_blank' href='https:\/\/visveilingurk.nl\/wp-content\/uploads\/2025\/01\/Authorization-form-VVU.pdf' class='btn btn-md btn-dark btn-shadow'>Download<\/a><\/div><\/div><\/div><\/div><\/div><div class=\"vc_row-full-width vc_clearfix\"><\/div>\t\t\t\t\t\t\t\t<\/div>\n\t\t\t\t<\/div>\n\t\t\t\t\t<\/div>\n\t\t<\/div>\n\t\t\t\t\t<\/div>\n\t\t<\/section>\n\t\t\t\t<\/div>","protected":false},"excerpt":{"rendered":"Ons veilproces In de moderne mijnzaal van visveiling Urk wordt de veiling op 2 beamers geprojecteerd. Op de ene beamer draait de klok, op de andere \u00a0het weeginformatie systeem. Hierdoor kan er veel meer informatie worden laten gezien dan bij &hellip;","protected":false},"author":1,"featured_media":0,"parent":0,"menu_order":0,"comment_status":"closed","ping_status":"closed","template":"","meta":{"footnotes":""},"class_list":["post-2329","page","type-page","status-publish","hentry"],"aioseo_notices":[],"_links":{"self":[{"href":"https:\/\/visveilingurk.nl\/de\/wp-json\/wp\/v2\/pages\/2329","targetHints":{"allow":["GET"]}}],"collection":[{"href":"https:\/\/visveilingurk.nl\/de\/wp-json\/wp\/v2\/pages"}],"about":[{"href":"https:\/\/visveilingurk.nl\/de\/wp-json\/wp\/v2\/types\/page"}],"author":[{"embeddable":true,"href":"https:\/\/visveilingurk.nl\/de\/wp-json\/wp\/v2\/users\/1"}],"replies":[{"embeddable":true,"href":"https:\/\/visveilingurk.nl\/de\/wp-json\/wp\/v2\/comments?post=2329"}],"version-history":[{"count":16,"href":"https:\/\/visveilingurk.nl\/de\/wp-json\/wp\/v2\/pages\/2329\/revisions"}],"predecessor-version":[{"id":4132,"href":"https:\/\/visveilingurk.nl\/de\/wp-json\/wp\/v2\/pages\/2329\/revisions\/4132"}],"wp:attachment":[{"href":"https:\/\/visveilingurk.nl\/de\/wp-json\/wp\/v2\/media?parent=2329"}],"curies":[{"name":"wp","href":"https:\/\/api.w.org\/{rel}","templated":true}]}}