{"id":2594,"date":"2022-05-10T09:36:07","date_gmt":"2022-05-10T09:36:07","guid":{"rendered":"http:\/\/185.37.22.83:82\/?page_id=2594"},"modified":"2023-12-05T13:42:43","modified_gmt":"2023-12-05T13:42:43","slug":"inpakken","status":"publish","type":"page","link":"https:\/\/visveilingurk.nl\/de\/inpakken\/","title":{"rendered":"Verpacken"},"content":{"rendered":"<div class=\"vc_row wpb_row vc_row-fluid\"><div class=\"wpb_column vc_column_container vc_col-md-12\"><div class=\"vc_column-inner\"><div class=\"wpb_wrapper\">\n\t<div class=\"wpb_text_column wpb_content_element\" >\n\t\t<div class=\"wpb_wrapper\">\n\t\t\t<h2 class='heading-left  divider-modern'  style='color: #0c2c65'><span><em class=\"heading-subtitle\" style='color: #0c2c65'>Urk\/Harlingen<\/em>Verpacken<\/span><\/h2>\n<p>Die Visveiling Urk verf\u00fcgt au\u00dferdem \u00fcber eine Verpackungslinie. Wir k\u00f6nnen u. a. das Verpacken, Umpacken und Verteilen von Fisch oder Schalentieren intern abwickeln.<\/p>\n<p>Die Verarbeitung ist teils automatisiert und variiert je nach Standort und Fischart. Gelieferte Produkte k\u00f6nnen in 10-, 12,5- oder 15-kg-Kartons verpackt werden. Bei Anlieferung eigener Verpackungen kann auch in Ihre eigenen Beh\u00e4lter verpackt werden.<\/p>\n<p>Das verpackte Material kann auf Wunsch mit Eis aus unserem Silo abgedeckt und gek\u00fchlt gelagert werden. F\u00fcr Informationen zu Tarifen und Verf\u00fcgbarkeit kontaktieren Sie uns bitte unter <a href=\"mailto:verpakking@visveilingurk.nl\">verpakking@visveilingurk.nl<\/a>.<\/p>\n\n\t\t<\/div>\n\t<\/div>\n<\/div><\/div><\/div><\/div><div class=\"vc_row wpb_row vc_row-fluid\"><div class=\"wpb_column vc_column_container vc_col-md-6\"><div class=\"vc_column-inner\"><div class=\"wpb_wrapper\">\n\t<div  class=\"wpb_single_image wpb_content_element vc_align_left\">\n\t\t\n\t\t<figure class=\"wpb_wrapper vc_figure\">\n\t\t\t<div class=\"vc_single_image-wrapper   vc_box_border_grey\"><img fetchpriority=\"high\" decoding=\"async\" class=\"vc_single_image-img\" src=\"https:\/\/visveilingurk.nl\/wp-content\/uploads\/2022\/10\/verpakken-scaled-433x345.jpg\" width=\"433\" height=\"345\" alt=\"verpakken\" title=\"verpakken\" \/><\/div>\n\t\t<\/figure>\n\t<\/div>\n<\/div><\/div><\/div><div class=\"wpb_column vc_column_container vc_col-md-6\"><div class=\"vc_column-inner\"><div class=\"wpb_wrapper\">\n\t<div  class=\"wpb_single_image wpb_content_element vc_align_left\">\n\t\t\n\t\t<figure class=\"wpb_wrapper vc_figure\">\n\t\t\t<div class=\"vc_single_image-wrapper   vc_box_border_grey\"><img decoding=\"async\" class=\"vc_single_image-img\" src=\"https:\/\/visveilingurk.nl\/wp-content\/uploads\/2022\/10\/verpakken2-scaled-433x345.jpg\" width=\"433\" height=\"345\" alt=\"verpakken2\" title=\"verpakken2\" \/><\/div>\n\t\t<\/figure>\n\t<\/div>\n<\/div><\/div><\/div><\/div>","protected":false},"excerpt":{"rendered":"Urk\/HarlingenInpakken Visveiling Urk heeft ook een verpakkingslijn. Wij kunnen onder andere het verpakken, ompakken en distributeren van vis of schaaldieren intern afhandelen. Het verwerken is deels geautomatiseerd en varieert per locatie en vissoort. Aangeleverde producten kunnen worden verpakt in 10, &hellip;","protected":false},"author":1,"featured_media":0,"parent":0,"menu_order":0,"comment_status":"closed","ping_status":"closed","template":"","meta":{"footnotes":""},"class_list":["post-2594","page","type-page","status-publish","hentry"],"aioseo_notices":[],"_links":{"self":[{"href":"https:\/\/visveilingurk.nl\/de\/wp-json\/wp\/v2\/pages\/2594","targetHints":{"allow":["GET"]}}],"collection":[{"href":"https:\/\/visveilingurk.nl\/de\/wp-json\/wp\/v2\/pages"}],"about":[{"href":"https:\/\/visveilingurk.nl\/de\/wp-json\/wp\/v2\/types\/page"}],"author":[{"embeddable":true,"href":"https:\/\/visveilingurk.nl\/de\/wp-json\/wp\/v2\/users\/1"}],"replies":[{"embeddable":true,"href":"https:\/\/visveilingurk.nl\/de\/wp-json\/wp\/v2\/comments?post=2594"}],"version-history":[{"count":5,"href":"https:\/\/visveilingurk.nl\/de\/wp-json\/wp\/v2\/pages\/2594\/revisions"}],"predecessor-version":[{"id":3910,"href":"https:\/\/visveilingurk.nl\/de\/wp-json\/wp\/v2\/pages\/2594\/revisions\/3910"}],"wp:attachment":[{"href":"https:\/\/visveilingurk.nl\/de\/wp-json\/wp\/v2\/media?parent=2594"}],"curies":[{"name":"wp","href":"https:\/\/api.w.org\/{rel}","templated":true}]}}