{"id":2629,"date":"2022-06-21T13:10:38","date_gmt":"2022-06-21T13:10:38","guid":{"rendered":"http:\/\/185.37.22.83:82\/?page_id=2629"},"modified":"2026-03-19T13:18:56","modified_gmt":"2026-03-19T13:18:56","slug":"vacatures","status":"publish","type":"page","link":"https:\/\/visveilingurk.nl\/de\/vacatures\/","title":{"rendered":"Stellenangebote"},"content":{"rendered":"<div class=\"vc_row wpb_row vc_row-fluid\"><div class=\"wpb_column vc_column_container vc_col-md-12\"><div class=\"vc_column-inner\"><div class=\"wpb_wrapper\">\n\t<div class=\"wpb_text_column wpb_content_element\" >\n\t\t<div class=\"wpb_wrapper\">\n\t\t\t<h2 class='heading-left  divider-modern'  style='color: #0c2c65'><span><em class=\"heading-subtitle\" style='color: #0c2c65'> Stellenangebot<\/em>Veilmeester \/ Commercieel Medewerker (32-40 uur)<\/span><\/h2>\n\n\t\t<\/div>\n\t<\/div>\n<\/div><\/div><\/div><\/div><div class=\"vc_row wpb_row vc_row-fluid\"><div class=\"wpb_column vc_column_container vc_col-md-8\"><div class=\"vc_column-inner\"><div class=\"wpb_wrapper\">\n\t<div class=\"wpb_text_column wpb_content_element\" >\n\t\t<div class=\"wpb_wrapper\">\n\t\t\t<p>Ben jij de verbindende schakel tussen vissers en kopers? Houd jij van het dynamische ritme van een Visveiling, beschik je over commerci\u00eble drive en ben je altijd op zoek naar nieuwe kansen? Dan zoeken wij jou!<\/p>\n<p><strong>Wie zijn wij?<\/strong><\/p>\n<p>De Insula Urk Groep omvat veilingen in Urk, Harlingen en Vlissingen \u2014 het kloppende hart van de Nederlandse visserijsector. Dagelijks verhandelen wij verse vis rechtstreeks van aanvoerder naar afnemer, in een nuchter en no-nonsense klimaat waar kwaliteit en betrouwbaarheid centraal staan.<\/p>\n<p><strong>Was wirst du tun?<\/strong><\/p>\n<p>Als Veilmeester \/ Commercieel Medewerker ben jij de spil tussen aanvoerders en afnemers van vis. Je leidt de dagelijkse veiling met een scherp oog voor prijs en kwaliteit, maar jouw rol gaat verder dan het veilen. Je onderhoudt actief contact met vissers en kopers, en je houdt je bezig met het aantrekken van nieuwe aanvoerders en afnemers. Jij bent het visitekaartje van Visveiling Urk.<\/p>\n<ul>\n<li>Leiden en begeleiden van het dagelijks veilen van vis<\/li>\n<li>Actief relaties onderhouden met bestaande aanvoerders (vissers\/reders) en afnemers (handelaren\/verwerkers)<\/li>\n<li>Acquisitie: zelfstandig werven van nieuwe aanvoerders en afnemers, nationaal en internationaal<\/li>\n<li>Adviseren van aanvoerders over marktomstandigheden, prijsontwikkelingen en logistiek<\/li>\n<li>Deelnemen aan branche-evenementen, netwerken en beurzen ter vertegenwoordiging van Visveiling Urk<\/li>\n<li>Nauw samenwerken met collega&#8217;s op het gebied van logistiek, kwaliteitscontrole en administratie<\/li>\n<\/ul>\n<p><strong>Wat breng jij mee?<\/strong><\/p>\n<ul>\n<li>Affiniteit met de visserij; kennis van de markt is een pr\u00e9<\/li>\n<li>Aantoonbare commerci\u00eble vaardigheden en ervaring in relatiebeheer of acquisitie<\/li>\n<li>Uitstekende beheersing van de Nederlandse en Engelse taal, mondeling en schriftelijk<\/li>\n<li>Communicatief sterk en overtuigingskracht<\/li>\n<li>Proactieve en zelfstandige werkhouding: jij wacht niet af, maar neemt initiatief<\/li>\n<li>Bereidheid om flexibele werktijden te hanteren in lijn met het veilingschema (vroege ochtenden)<\/li>\n<li>Bij voorkeur een afgeronde hbo-opleiding in een commerci\u00eble of agrarische richting<\/li>\n<\/ul>\n<p><strong>Was bieten wir?<\/strong><\/p>\n<ul>\n<li>Een aantrekkelijk salaris en uitstekende arbeidsvoorwaarden<\/li>\n<li>Een ontspannen en informele werksfeer<\/li>\n<li>Werken in een team van enthousiaste en gepassioneerde professionals<\/li>\n<li>Ruimte voor persoonlijke en professionele groei en ontwikkeling<\/li>\n<li>Leuke teamuitjes<\/li>\n<\/ul>\n<p><strong>Interessiert?<\/strong><br \/>\nStuur jouw cv en motivatiebrief naar:<br \/>\n\ud83d\udce7 <a href=\"mailto:c.kramer@visveilingurk.nl\">c.kramer@visveilingurk.nl<\/a><br \/>\n\ud83d\udcde <a href=\"tel:+31527689789\">+31 (0)527 689789<\/a><\/p>\n<p>Wij kijken uit naar jouw reactie!<\/p>\n\n\t\t<\/div>\n\t<\/div>\n<\/div><\/div><\/div><div class=\"wpb_column vc_column_container vc_col-md-4\"><div class=\"vc_column-inner\"><div class=\"wpb_wrapper\">\n\t<div  class=\"wpb_single_image wpb_content_element vc_align_center\">\n\t\t\n\t\t<figure class=\"wpb_wrapper vc_figure\">\n\t\t\t<div class=\"vc_single_image-wrapper   vc_box_border_grey\"><\/div>\n\t\t<\/figure>\n\t<\/div>\n\n\t<div  class=\"wpb_single_image wpb_content_element vc_align_left\">\n\t\t\n\t\t<figure class=\"wpb_wrapper vc_figure\">\n\t\t\t<div class=\"vc_single_image-wrapper   vc_box_border_grey\"><img fetchpriority=\"high\" decoding=\"async\" class=\"vc_single_image-img\" src=\"https:\/\/visveilingurk.nl\/wp-content\/uploads\/2026\/03\/L1145840-2-scaled-1-scaled-700x1600.jpg\" width=\"700\" height=\"1600\" alt=\"L1145840-2-scaled (1)\" title=\"L1145840-2-scaled (1)\" \/><\/div>\n\t\t<\/figure>\n\t<\/div>\n<\/div><\/div><\/div><\/div><div class=\"vc_row wpb_row vc_row-fluid\"><div class=\"wpb_column vc_column_container vc_col-md-8\"><div class=\"vc_column-inner\"><div class=\"wpb_wrapper\">\n\t<div class=\"wpb_text_column wpb_content_element\" >\n\t\t<div class=\"wpb_wrapper\">\n\t\t\t<h2 class='heading-left  divider-modern'  style='color: #0c2c65'><span><em class=\"heading-subtitle\" style='color: #0c2c65'>Stellenangebot<\/em>Vissorteerder (8-24 uur)<\/span><\/h2>\n\n\t\t<\/div>\n\t<\/div>\n<\/div><\/div><\/div><\/div><div class=\"vc_row wpb_row vc_row-fluid\"><div class=\"wpb_column vc_column_container vc_col-md-8\"><div class=\"vc_column-inner\"><div class=\"wpb_wrapper\">\n\t<div class=\"wpb_text_column wpb_content_element\" >\n\t\t<div class=\"wpb_wrapper\">\n\t\t\t<p><strong>Was wirst du tun?<\/strong> Bei der Visveiling Urk kann es jederzeit vorkommen, dass frischer Fisch angeliefert wird. Dann m\u00fcssen wir schnell handeln: Dieser Fisch muss nach Art und Gr\u00f6\u00dfe sortiert werden. Manche Fischarten sortieren wir maschinell, andere per Hand. Das Entladen von LKW oder das Bereitstellen des Fisches geh\u00f6rt ebenfalls zu dieser Aufgabe.<\/p>\n<p><strong>Was erwarten wir von dir?<\/strong> Es macht dir nichts aus, fr\u00fch anzufangen. Du bist zeitlich flexibel und kannst schnell reagieren. Oft wird der Anlandezeitpunkt der Fische erst einen Tag vorher angek\u00fcndigt, sodass wir kurzfristig zus\u00e4tzliche Unterst\u00fctzung ben\u00f6tigen. Von Vorteil ist, wenn du vormittags schnell einsatzbereit bist.<\/p>\n<p><strong>Was bieten wir?<\/strong><\/p>\n<ul>\n<li>Wettbewerbsf\u00e4hige Verg\u00fctung<\/li>\n<li>Altersvorsorge<\/li>\n<\/ul>\n<p><strong>Interessiert?<\/strong> Kontaktiere uns \u00fcber das nachfolgende Formular:<\/p>\n\n\t\t<\/div>\n\t<\/div>\n\n\t<div class=\"wpb_raw_code wpb_content_element wpb_raw_html\" >\n\t\t<div class=\"wpb_wrapper\">\n\t\t\t<div class=\"forminator-ui forminator-custom-form forminator-custom-form-3975 forminator-design--default  forminator_ajax\" data-forminator-render=\"0\" data-form=\"forminator-module-3975\" data-uid=\"6a043f1fa61be\"><br\/><\/div><form\n\t\t\t\tid=\"forminator-module-3975\"\n\t\t\t\tclass=\"forminator-ui forminator-custom-form forminator-custom-form-3975 forminator-design--default  forminator_ajax\"\n\t\t\t\tmethod=\"post\"\n\t\t\t\tdata-forminator-render=\"0\"\n\t\t\t\tdata-form-id=\"3975\"\n\t\t\t\t\n\t\t\t\tdata-design=\"default\"\n\t\t\t\t\n\t\t\t\t\n\t\t\t\t\n\t\t\t\tdata-grid=\"open\"\n\t\t\t\t\n\t\t\t\t\n\t\t\t\tstyle=\"display: none;\"\n\t\t\t\t\n\t\t\t\tdata-uid=\"6a043f1fa61be\" action=\"\"\n\t\t\t><div role=\"alert\" aria-live=\"polite\" class=\"forminator-response-message forminator-error\" aria-hidden=\"true\"><\/div><div class=\"forminator-row\"><div id=\"text-1\" class=\"forminator-field-text forminator-col forminator-col-12\"><div class=\"forminator-field\"><label for=\"forminator-field-text-1_6a043f1fa61be\" id=\"forminator-field-text-1_6a043f1fa61be-label\" class=\"forminator-label\">Name <span class=\"forminator-required\">*<\/span><\/label><input type=\"text\" name=\"text-1\" value=\"\" placeholder=\"Name\" id=\"forminator-field-text-1_6a043f1fa61be\" class=\"forminator-input forminator-name--field\" data-required=\"1\" \/><\/div><\/div><\/div><div class=\"forminator-row\"><div id=\"email-1\" class=\"forminator-field-email forminator-col forminator-col-12\"><div class=\"forminator-field\"><label for=\"forminator-field-email-1_6a043f1fa61be\" id=\"forminator-field-email-1_6a043f1fa61be-label\" class=\"forminator-label\">E-mail <span class=\"forminator-required\">*<\/span><\/label><input type=\"email\" name=\"email-1\" value=\"\" placeholder=\"E-mail\" id=\"forminator-field-email-1_6a043f1fa61be\" class=\"forminator-input forminator-email--field\" data-required=\"1\" aria-required=\"true\" \/><\/div><\/div><\/div><div class=\"forminator-row\"><div id=\"phone-1\" class=\"forminator-field-phone forminator-col forminator-col-12\"><div class=\"forminator-field\"><label for=\"forminator-field-phone-1_6a043f1fa61be\" id=\"forminator-field-phone-1_6a043f1fa61be-label\" class=\"forminator-label\">Telefonnummer <span class=\"forminator-required\">*<\/span><\/label><input type=\"text\" name=\"phone-1\" value=\"\" placeholder=\"Telefonnummer\" id=\"forminator-field-phone-1_6a043f1fa61be\" class=\"forminator-input forminator-field--phone\" data-required=\"1\" aria-required=\"true\" autocomplete=\"off\" \/><\/div><\/div><\/div><div class=\"forminator-row\"><div id=\"textarea-1\" class=\"forminator-field-textarea forminator-col forminator-col-12\"><div class=\"forminator-field\"><label for=\"forminator-field-textarea-1_6a043f1fa61be\" id=\"forminator-field-textarea-1_6a043f1fa61be-label\" class=\"forminator-label\">Erl\u00e4uterung <span class=\"forminator-required\">*<\/span><\/label><textarea name=\"textarea-1\" placeholder=\"\" id=\"forminator-field-textarea-1_6a043f1fa61be\" class=\"forminator-textarea\" rows=\"6\" style=\"min-height:140px;\" ><\/textarea><\/div><\/div><\/div><div class=\"forminator-row\"><div id=\"captcha-1\" class=\"forminator-field-captcha forminator-col forminator-col-12\"><div class=\"forminator-captcha-left forminator-g-recaptcha recaptcha-invisible\" data-theme=\"light\" data-badge=\"bottomleft\" data-sitekey=\"6Lfuaq8qAAAAAGMuCNp9idCf1tGSsgWS8OXklC_F\" data-size=\"invisible\"><\/div> <\/div><\/div><input type=\"hidden\" name=\"referer_url\" value=\"\" \/><div class=\"forminator-row forminator-row-last\"><div class=\"forminator-col\"><div class=\"forminator-field\"><button class=\"forminator-button forminator-button-submit\">Absenden<\/button><\/div><\/div><\/div><input type=\"hidden\" id=\"forminator_nonce\" name=\"forminator_nonce\" value=\"f486dec516\" \/><input type=\"hidden\" name=\"_wp_http_referer\" value=\"\/de\/wp-json\/wp\/v2\/pages\/2629\" \/><input type=\"hidden\" name=\"form_id\" value=\"3975\"><input type=\"hidden\" name=\"page_id\" value=\"2629\"><input type=\"hidden\" name=\"form_type\" value=\"default\"><input type=\"hidden\" name=\"current_url\" value=\"https:\/\/visveilingurk.nl\/de\/vacatures\/\"><input type=\"hidden\" name=\"render_id\" value=\"0\"><input type=\"hidden\" name=\"action\" value=\"forminator_submit_form_custom-forms\"><input type=\"hidden\" name=\"trp-form-language\" value=\"de\"\/><\/form>\n\t\t<\/div>\n\t<\/div>\n<\/div><\/div><\/div><div class=\"wpb_column vc_column_container vc_col-md-4\"><div class=\"vc_column-inner\"><div class=\"wpb_wrapper\">\n\t<div  class=\"wpb_single_image wpb_content_element vc_align_center\">\n\t\t\n\t\t<figure class=\"wpb_wrapper vc_figure\">\n\t\t\t<div class=\"vc_single_image-wrapper   vc_box_border_grey\"><img decoding=\"async\" width=\"472\" height=\"1024\" src=\"https:\/\/visveilingurk.nl\/wp-content\/uploads\/2022\/10\/WhatsApp-Image-2022-10-14-at-09.38.12-472x1024.jpeg\" class=\"vc_single_image-img attachment-large\" alt=\"\" srcset=\"https:\/\/visveilingurk.nl\/wp-content\/uploads\/2022\/10\/WhatsApp-Image-2022-10-14-at-09.38.12-472x1024.jpeg 472w, https:\/\/visveilingurk.nl\/wp-content\/uploads\/2022\/10\/WhatsApp-Image-2022-10-14-at-09.38.12-138x300.jpeg 138w, https:\/\/visveilingurk.nl\/wp-content\/uploads\/2022\/10\/WhatsApp-Image-2022-10-14-at-09.38.12-708x1536.jpeg 708w, https:\/\/visveilingurk.nl\/wp-content\/uploads\/2022\/10\/WhatsApp-Image-2022-10-14-at-09.38.12.jpeg 738w\" sizes=\"(max-width: 472px) 100vw, 472px\" \/><\/div>\n\t\t<\/figure>\n\t<\/div>\n<\/div><\/div><\/div><\/div>","protected":false},"excerpt":{"rendered":"VacatureVeilmeester \/ Commercieel Medewerker (32-40 uur) Ben jij de verbindende schakel tussen vissers en kopers? Houd jij van het dynamische ritme van een Visveiling, beschik je over commerci\u00eble drive en ben je altijd op zoek naar nieuwe kansen? Dan zoeken &hellip;","protected":false},"author":1,"featured_media":0,"parent":0,"menu_order":0,"comment_status":"closed","ping_status":"closed","template":"","meta":{"footnotes":""},"class_list":["post-2629","page","type-page","status-publish","hentry"],"aioseo_notices":[],"_links":{"self":[{"href":"https:\/\/visveilingurk.nl\/de\/wp-json\/wp\/v2\/pages\/2629","targetHints":{"allow":["GET"]}}],"collection":[{"href":"https:\/\/visveilingurk.nl\/de\/wp-json\/wp\/v2\/pages"}],"about":[{"href":"https:\/\/visveilingurk.nl\/de\/wp-json\/wp\/v2\/types\/page"}],"author":[{"embeddable":true,"href":"https:\/\/visveilingurk.nl\/de\/wp-json\/wp\/v2\/users\/1"}],"replies":[{"embeddable":true,"href":"https:\/\/visveilingurk.nl\/de\/wp-json\/wp\/v2\/comments?post=2629"}],"version-history":[{"count":23,"href":"https:\/\/visveilingurk.nl\/de\/wp-json\/wp\/v2\/pages\/2629\/revisions"}],"predecessor-version":[{"id":4340,"href":"https:\/\/visveilingurk.nl\/de\/wp-json\/wp\/v2\/pages\/2629\/revisions\/4340"}],"wp:attachment":[{"href":"https:\/\/visveilingurk.nl\/de\/wp-json\/wp\/v2\/media?parent=2629"}],"curies":[{"name":"wp","href":"https:\/\/api.w.org\/{rel}","templated":true}]}}