{"id":2306,"date":"2022-03-23T11:08:21","date_gmt":"2022-03-23T11:08:21","guid":{"rendered":"http:\/\/185.37.22.83:82\/?page_id=2306"},"modified":"2025-01-22T14:02:28","modified_gmt":"2025-01-22T14:02:28","slug":"sorteren","status":"publish","type":"page","link":"https:\/\/visveilingurk.nl\/es\/sorteren\/","title":{"rendered":"Sorteren"},"content":{"rendered":"<div data-elementor-type=\"wp-page\" data-elementor-id=\"2306\" class=\"elementor elementor-2306\">\n\t\t\t\t\t\t<section class=\"elementor-section elementor-top-section elementor-element elementor-element-1cdde1f4 elementor-section-boxed elementor-section-height-default elementor-section-height-default\" data-id=\"1cdde1f4\" data-element_type=\"section\">\n\t\t\t\t\t\t<div class=\"elementor-container elementor-column-gap-default\">\n\t\t\t\t\t<div class=\"elementor-column elementor-col-100 elementor-top-column elementor-element elementor-element-402eb7e2\" data-id=\"402eb7e2\" data-element_type=\"column\">\n\t\t\t<div class=\"elementor-widget-wrap elementor-element-populated\">\n\t\t\t\t\t\t<div class=\"elementor-element elementor-element-6821c9e7 elementor-widget elementor-widget-text-editor\" data-id=\"6821c9e7\" data-element_type=\"widget\" data-widget_type=\"text-editor.default\">\n\t\t\t\t<div class=\"elementor-widget-container\">\n\t\t\t\t\t\t\t\t\t<div class=\"vc_row wpb_row vc_row-fluid\"><div class=\"wpb_column vc_column_container vc_col-md-12\"><div class=\"vc_column-inner\"><div class=\"wpb_wrapper\">\n\t<div class=\"wpb_text_column wpb_content_element\" >\n\t\t<div class=\"wpb_wrapper\">\n\t\t\t<p><h2 class='heading-left  divider-modern'  style='color: #0c2c65'><span>Clasificaci\u00f3n de pescado<\/span><\/h2><span style=\"color: var( --e-global-color-text ); font-family: var( --e-global-typography-text-font-family ), Sans-serif; font-weight: var( --e-global-typography-text-font-weight );\"><div class=\"vc_row wpb_row vc_row-fluid\"><\/div><div class=\"wpb_column vc_column_container vc_col-md-12\"><div class=\"vc_column-inner\"><div class=\"wpb_wrapper\"><\/div><\/div><\/div>\n\t<div class=\"wpb_text_column wpb_content_element\" >\n\t\t<div class=\"wpb_wrapper\">\n\t\t\t\n\t\t<\/div>\n\t<\/div>\n<\/span><\/p>\n<p>El complejo de la Visafslag Urk bv se basa en una log\u00edstica cuidadosamente dise\u00f1ada para procesar el pescado en todo el proceso de subasta. Gracias a esta log\u00edstica, es posible preparar grandes vol\u00famenes de pescado a gran velocidad para su venta. Los camiones frigor\u00edficos descargan su carga a trav\u00e9s de los muelles de carga en el lado oeste del complejo y se colocan en la sala de clasificaci\u00f3n refrigerada. A continuaci\u00f3n, las cajas de pescado se clasifican por especie y tama\u00f1o.<\/p>\n<p><strong><em>La clasificaci\u00f3n puede ser artesanal o automatizada.<\/em><\/strong> Los clasificadores se encargan de terminar con cada lote; luego, la carretilla elevadora recoge el pescado y, tras pesarlo, lo lleva hacia el este hasta las c\u00e1maras frigor\u00edficas acondicionadas. Durante los d\u00edas de subasta, estas c\u00e1maras tambi\u00e9n funcionan como salas de inspecci\u00f3n para los compradores.<\/p>\n<p>Una vez vendido el pescado, se retira por la salida este de las c\u00e1maras frigor\u00edficas y se coloca en los camiones frigor\u00edficos que esperan en los muelles de carga. Para transportistas m\u00e1s peque\u00f1os, hay una zona de carga independiente con plataformas elevadoras, que tambi\u00e9n garantiza la r\u00e1pida retirada del pescado refrigerado.<\/p>\n<h2>Clasificaci\u00f3n de pescado para terceros<\/h2>\n<p>\u00a1Es posible! Tambi\u00e9n clasificamos para terceros. Nuestras m\u00e1quinas pueden trabajar con una gran variedad de especies de pescado y clasificarlas por tama\u00f1o o peso. Si est\u00e1 interesado en este servicio, p\u00f3ngase en contacto con nosotros a trav\u00e9s de <a href=\"mailto:info@visveilingurk.nl\">info@visveilingurk.nl<\/a>; uno de nuestros planificadores se comunicar\u00e1 con usted.<\/p>\n\n\t\t<\/div>\n\t<\/div>\n<\/div><\/div><\/div><div class=\"wpb_column vc_column_container vc_col-md-6\"><div class=\"vc_column-inner\"><div class=\"wpb_wrapper\">\n\t<div  class=\"wpb_single_image wpb_content_element vc_align_left\">\n\t\t\n\t\t<figure class=\"wpb_wrapper vc_figure\">\n\t\t\t<div class=\"vc_single_image-wrapper   vc_box_border_grey\"><img fetchpriority=\"high\" decoding=\"async\" width=\"980\" height=\"654\" src=\"https:\/\/visveilingurk.nl\/wp-content\/uploads\/2022\/04\/DSC02621-1024x683.jpg\" class=\"vc_single_image-img attachment-large\" alt=\"\" srcset=\"https:\/\/visveilingurk.nl\/wp-content\/uploads\/2022\/04\/DSC02621-1024x683.jpg 1024w, https:\/\/visveilingurk.nl\/wp-content\/uploads\/2022\/04\/DSC02621-300x200.jpg 300w, https:\/\/visveilingurk.nl\/wp-content\/uploads\/2022\/04\/DSC02621-768x512.jpg 768w, https:\/\/visveilingurk.nl\/wp-content\/uploads\/2022\/04\/DSC02621-1536x1024.jpg 1536w, https:\/\/visveilingurk.nl\/wp-content\/uploads\/2022\/04\/DSC02621-2048x1365.jpg 2048w, https:\/\/visveilingurk.nl\/wp-content\/uploads\/2022\/04\/DSC02621-600x400.jpg 600w\" sizes=\"(max-width: 980px) 100vw, 980px\" \/><\/div>\n\t\t<\/figure>\n\t<\/div>\n<\/div><\/div><\/div><\/div><div class=\"vc_row wpb_row vc_row-fluid\"><div class=\"wpb_column vc_column_container vc_col-md-12\"><div class=\"vc_column-inner\"><div class=\"wpb_wrapper\"><section class=\"vc_cta3-container\"><div class=\"vc_general vc_cta3 vc_cta3-style-classic vc_cta3-shape-rounded vc_cta3-align-left vc_cta3-color-classic vc_cta3-icon-size-md vc_cta3-actions-left\"><div class=\"vc_cta3_content-container\"><div class=\"vc_cta3-actions\"><div class=\"vc_btn3-container vc_btn3-inline\"><a class=\"vc_general vc_btn3 vc_btn3-size-lg vc_btn3-shape-rounded vc_btn3-style-modern vc_btn3-color-grey\" href=\"https:\/\/visveilingurk.nl\/es\/?page_id=2629\" title=\"Vacatures\" target=\"_self\">Contactformulier: Werken bij Vissorteerders<\/a><\/div>\n<\/div><div class=\"vc_cta3-content\"><header class=\"vc_cta3-content-header\"><h2>\u00bfTrabajar con los clasificadores de pescado?<\/h2><\/header><p>\u00a1Tambi\u00e9n es posible! Haga clic aqu\u00ed para rellenar el formulario de contacto. El encargado de los clasificadores se pondr\u00e1 en contacto contigo cuando haya vacantes.<\/p>\n<\/div><\/div><\/div><\/section><\/div><\/div><\/div><\/div>\t\t\t\t\t\t\t\t<\/div>\n\t\t\t\t<\/div>\n\t\t\t\t\t<\/div>\n\t\t<\/div>\n\t\t\t\t\t<\/div>\n\t\t<\/section>\n\t\t\t\t<\/div>","protected":false},"excerpt":{"rendered":"Vis sorteren Het complex van de Visafslag Urk bv is gebaseerd op een weldoordachte logistiek verwerking van de vis in het totale veilproces. Door deze logistiek is het mogelijk om grote hoeveelheden vis in hoge snelheid gereed te maken voor &hellip;","protected":false},"author":1,"featured_media":0,"parent":0,"menu_order":0,"comment_status":"closed","ping_status":"closed","template":"","meta":{"footnotes":""},"class_list":["post-2306","page","type-page","status-publish","hentry"],"aioseo_notices":[],"_links":{"self":[{"href":"https:\/\/visveilingurk.nl\/es\/wp-json\/wp\/v2\/pages\/2306","targetHints":{"allow":["GET"]}}],"collection":[{"href":"https:\/\/visveilingurk.nl\/es\/wp-json\/wp\/v2\/pages"}],"about":[{"href":"https:\/\/visveilingurk.nl\/es\/wp-json\/wp\/v2\/types\/page"}],"author":[{"embeddable":true,"href":"https:\/\/visveilingurk.nl\/es\/wp-json\/wp\/v2\/users\/1"}],"replies":[{"embeddable":true,"href":"https:\/\/visveilingurk.nl\/es\/wp-json\/wp\/v2\/comments?post=2306"}],"version-history":[{"count":27,"href":"https:\/\/visveilingurk.nl\/es\/wp-json\/wp\/v2\/pages\/2306\/revisions"}],"predecessor-version":[{"id":4139,"href":"https:\/\/visveilingurk.nl\/es\/wp-json\/wp\/v2\/pages\/2306\/revisions\/4139"}],"wp:attachment":[{"href":"https:\/\/visveilingurk.nl\/es\/wp-json\/wp\/v2\/media?parent=2306"}],"curies":[{"name":"wp","href":"https:\/\/api.w.org\/{rel}","templated":true}]}}