{"id":2593,"date":"2022-05-10T09:36:07","date_gmt":"2022-05-10T09:36:07","guid":{"rendered":"http:\/\/185.37.22.83:82\/?page_id=2593"},"modified":"2025-08-13T10:50:06","modified_gmt":"2025-08-13T10:50:06","slug":"aanlanding","status":"publish","type":"page","link":"https:\/\/visveilingurk.nl\/es\/aanlanding\/","title":{"rendered":"Desembarque"},"content":{"rendered":"<div class=\"vc_row wpb_row vc_row-fluid\"><div class=\"wpb_column vc_column_container vc_col-md-12\"><div class=\"vc_column-inner\"><div class=\"wpb_wrapper\">\n\t<div class=\"wpb_text_column wpb_content_element\" >\n\t\t<div class=\"wpb_wrapper\">\n\t\t\t<h2 class='heading-left  divider-modern'  style='color: #0c2c65'><span><em class=\"heading-subtitle\" style='color: #0c2c65'>Harlingen\/Vlissingen<\/em>Desembarque<\/span><\/h2>\n<h2 class=\"text-xl font-bold text-text-100 mt-1 -mb-0.5\">Harlingen<\/h2>\n<p class=\"whitespace-normal break-words\">Visveiling Urk dispone de sus propios muelles de atraque en Harlingen, que fueron renovados en 2022. Los muelles ofrecen capacidad para aproximadamente 65 barcos pesqueros y, por supuesto, tambi\u00e9n est\u00e1n adaptados para otros tipos de embarcaciones.<\/p>\n<p class=\"whitespace-normal break-words\">Las instalaciones en tierra tambi\u00e9n se renovaron en 2022 y ahora est\u00e1n conectadas a trav\u00e9s de <a class=\"underline\" href=\"http:\/\/www.walstroom.nl\">www.walstroom.nl<\/a>Adem\u00e1s, el muelle cuenta con vigilancia por c\u00e1mara las 24 horas del d\u00eda, los 7 d\u00edas de la semana. A trav\u00e9s de esta p\u00e1gina puede ver la se\u00f1al de una de nuestras c\u00e1maras.<\/p>\n<p class=\"whitespace-normal break-words\">De steiger grenst aan Visveiling Urk in Harlingen, het is mogelijk om vangsten direct vanaf het schip te lossen naar de visafslag toe.<\/p>\n<h2 class=\"text-xl font-bold text-text-100 mt-1 -mb-0.5\">Vlissingen<\/h2>\n<p class=\"whitespace-normal break-words\">Tras la adquisici\u00f3n de Visveiling Vlissingen, Visveiling Urk dispone ahora tambi\u00e9n de amplias instalaciones de atraque en Vlissingen. El muelle se extiende a lo largo de 660 metros, desde la bita n\u00famero 32 hasta la 78, y ofrece espacio para 40 barcos.<\/p>\n<p class=\"whitespace-normal break-words\">El puerto est\u00e1 equipado con 5 armarios de suministro el\u00e9ctrico en tierra para la alimentaci\u00f3n de los buques atracados. Para los buques que deseen aprovisionarse de agua, esto es posible desde la bita n\u00famero 32 hasta la 50.<\/p>\n<p class=\"whitespace-normal break-words\">Como parte de nuestras continuas inversiones en instalaciones portuarias modernas, est\u00e1 prevista una gran modernizaci\u00f3n para 2026\u20132027. Esto incluye la sustituci\u00f3n de todos los armarios el\u00e9ctricos en tierra y de gran parte de la pantalla de tablestacas, lo que har\u00e1 que las instalaciones sean a\u00fan m\u00e1s preparadas para el futuro.<\/p>\n<p class=\"whitespace-normal break-words\">Al igual que en Harlingen, en Vlissingen tambi\u00e9n es posible descargar las capturas directamente del barco a la lonja.<\/p>\n<hr \/>\n<p><span style=\"font-size: revert;\">Para m\u00e1s informaci\u00f3n sobre nuestros servicios, puede contactarnos en <\/span><a style=\"font-size: revert;\" href=\"mailto:info@visveilingurk.nl\" target=\"_blank\" rel=\"noopener\">info@visveilingurk.nl<\/a><span style=\"font-size: revert;\">.<\/p>\n\n\t\t<\/div>\n\t<\/div>\n<\/div><\/div><\/div><\/div><div class=\"vc_row wpb_row vc_row-fluid\"><div class=\"wpb_column vc_column_container vc_col-md-12\"><div class=\"vc_column-inner\"><div class=\"wpb_wrapper\">\n\t<div class=\"wpb_text_column wpb_content_element\" >\n\t\t<div class=\"wpb_wrapper\">\n\t\t\t<p><\/span><\/p>\n<p><iframe src=\"https:\/\/rtsp.me\/embed\/nK2YftkY\/\" width=\"720\" height=\"480\" frameborder=\"0\" allowfullscreen=\"allowfullscreen\"><\/iframe><\/p>\n\n\t\t<\/div>\n\t<\/div>\n<\/div><\/div><\/div><\/div>\r\n\r\n<p>&nbsp;<\/p>","protected":false},"excerpt":{"rendered":"<p>&nbsp;<\/p>","protected":false},"author":1,"featured_media":0,"parent":0,"menu_order":0,"comment_status":"closed","ping_status":"closed","template":"","meta":{"footnotes":""},"class_list":["post-2593","page","type-page","status-publish","hentry"],"aioseo_notices":[],"_links":{"self":[{"href":"https:\/\/visveilingurk.nl\/es\/wp-json\/wp\/v2\/pages\/2593","targetHints":{"allow":["GET"]}}],"collection":[{"href":"https:\/\/visveilingurk.nl\/es\/wp-json\/wp\/v2\/pages"}],"about":[{"href":"https:\/\/visveilingurk.nl\/es\/wp-json\/wp\/v2\/types\/page"}],"author":[{"embeddable":true,"href":"https:\/\/visveilingurk.nl\/es\/wp-json\/wp\/v2\/users\/1"}],"replies":[{"embeddable":true,"href":"https:\/\/visveilingurk.nl\/es\/wp-json\/wp\/v2\/comments?post=2593"}],"version-history":[{"count":30,"href":"https:\/\/visveilingurk.nl\/es\/wp-json\/wp\/v2\/pages\/2593\/revisions"}],"predecessor-version":[{"id":4272,"href":"https:\/\/visveilingurk.nl\/es\/wp-json\/wp\/v2\/pages\/2593\/revisions\/4272"}],"wp:attachment":[{"href":"https:\/\/visveilingurk.nl\/es\/wp-json\/wp\/v2\/media?parent=2593"}],"curies":[{"name":"wp","href":"https:\/\/api.w.org\/{rel}","templated":true}]}}