{"id":2306,"date":"2022-03-23T11:08:21","date_gmt":"2022-03-23T11:08:21","guid":{"rendered":"http:\/\/185.37.22.83:82\/?page_id=2306"},"modified":"2025-01-22T14:02:28","modified_gmt":"2025-01-22T14:02:28","slug":"sorteren","status":"publish","type":"page","link":"https:\/\/visveilingurk.nl\/fr\/sorteren\/","title":{"rendered":"Sorteren"},"content":{"rendered":"<div data-elementor-type=\"wp-page\" data-elementor-id=\"2306\" class=\"elementor elementor-2306\">\n\t\t\t\t\t\t<section class=\"elementor-section elementor-top-section elementor-element elementor-element-1cdde1f4 elementor-section-boxed elementor-section-height-default elementor-section-height-default\" data-id=\"1cdde1f4\" data-element_type=\"section\">\n\t\t\t\t\t\t<div class=\"elementor-container elementor-column-gap-default\">\n\t\t\t\t\t<div class=\"elementor-column elementor-col-100 elementor-top-column elementor-element elementor-element-402eb7e2\" data-id=\"402eb7e2\" data-element_type=\"column\">\n\t\t\t<div class=\"elementor-widget-wrap elementor-element-populated\">\n\t\t\t\t\t\t<div class=\"elementor-element elementor-element-6821c9e7 elementor-widget elementor-widget-text-editor\" data-id=\"6821c9e7\" data-element_type=\"widget\" data-widget_type=\"text-editor.default\">\n\t\t\t\t<div class=\"elementor-widget-container\">\n\t\t\t\t\t\t\t\t\t<div class=\"vc_row wpb_row vc_row-fluid\"><div class=\"wpb_column vc_column_container vc_col-md-12\"><div class=\"vc_column-inner\"><div class=\"wpb_wrapper\">\n\t<div class=\"wpb_text_column wpb_content_element\" >\n\t\t<div class=\"wpb_wrapper\">\n\t\t\t<p><h2 class='heading-left  divider-modern'  style='color: #0c2c65'><span>Triage du poisson<\/span><\/h2><span style=\"color: var( --e-global-color-text ); font-family: var( --e-global-typography-text-font-family ), Sans-serif; font-weight: var( --e-global-typography-text-font-weight );\"><div class=\"vc_row wpb_row vc_row-fluid\"><\/div><div class=\"wpb_column vc_column_container vc_col-md-12\"><div class=\"vc_column-inner\"><div class=\"wpb_wrapper\"><\/div><\/div><\/div>\n\t<div class=\"wpb_text_column wpb_content_element\" >\n\t\t<div class=\"wpb_wrapper\">\n\t\t\t\n\t\t<\/div>\n\t<\/div>\n<\/span><\/p>\n<p>Le complexe de la Visafslag Urk BV est bas\u00e9 sur une logistique bien pens\u00e9e pour la manipulation du poisson dans tout le processus de cri\u00e9e. Gr\u00e2ce \u00e0 cette organisation, il est possible de pr\u00e9parer rapidement de grandes quantit\u00e9s de poisson pour la vente. Les camions frigorifiques d\u00e9chargent leur cargaison via les quais de chargement \u00e0 l\u2019ouest du complexe, o\u00f9 les caisses de poisson sont ensuite plac\u00e9es dans la halle de tri r\u00e9frig\u00e9r\u00e9e. Le poisson est ensuite tri\u00e9 par esp\u00e8ce et par taille.<\/p>\n<p><strong><em>Le tri peut \u00eatre artisanal ou automatis\u00e9.<\/em><\/strong> Les trieurs traitent les diff\u00e9rents lots, puis un chariot \u00e9l\u00e9vateur transf\u00e8re le poisson, apr\u00e8s pes\u00e9e, vers les chambres froides climatis\u00e9es situ\u00e9es \u00e0 l\u2019est. Pendant les journ\u00e9es de cri\u00e9e, ces chambres servent \u00e9galement de salles d\u2019inspection pour les acheteurs.<\/p>\n<p>Une fois le poisson vendu, il est achemin\u00e9 via la sortie est des chambres froides vers les camions frigorifiques stationn\u00e9s devant les quais. Pour les plus petits transporteurs, une zone de chargement s\u00e9par\u00e9e est am\u00e9nag\u00e9e avec des plates-formes \u00e9l\u00e9vatrices, afin d\u2019assurer \u00e9galement un acheminement rapide du poisson refroidi.<\/p>\n<h2>Triage pour Tiers<\/h2>\n<p>C\u2019est possible\u202f! Nous trions \u00e9galement pour des tiers. Nos machines peuvent prendre en charge un large \u00e9ventail d\u2019esp\u00e8ces et trier selon la taille ou le poids. Si vous \u00eates int\u00e9ress\u00e9 par ce service, veuillez nous contacter \u00e0 l\u2019adresse <a href=\"mailto:info@visveilingurk.nl\">info@visveilingurk.nl<\/a>L\u2019un de nos planificateurs reviendra vers vous.<\/p>\n\n\t\t<\/div>\n\t<\/div>\n<\/div><\/div><\/div><div class=\"wpb_column vc_column_container vc_col-md-6\"><div class=\"vc_column-inner\"><div class=\"wpb_wrapper\">\n\t<div  class=\"wpb_single_image wpb_content_element vc_align_left\">\n\t\t\n\t\t<figure class=\"wpb_wrapper vc_figure\">\n\t\t\t<div class=\"vc_single_image-wrapper   vc_box_border_grey\"><img fetchpriority=\"high\" decoding=\"async\" width=\"980\" height=\"654\" src=\"https:\/\/visveilingurk.nl\/wp-content\/uploads\/2022\/04\/DSC02621-1024x683.jpg\" class=\"vc_single_image-img attachment-large\" alt=\"\" srcset=\"https:\/\/visveilingurk.nl\/wp-content\/uploads\/2022\/04\/DSC02621-1024x683.jpg 1024w, https:\/\/visveilingurk.nl\/wp-content\/uploads\/2022\/04\/DSC02621-300x200.jpg 300w, https:\/\/visveilingurk.nl\/wp-content\/uploads\/2022\/04\/DSC02621-768x512.jpg 768w, https:\/\/visveilingurk.nl\/wp-content\/uploads\/2022\/04\/DSC02621-1536x1024.jpg 1536w, https:\/\/visveilingurk.nl\/wp-content\/uploads\/2022\/04\/DSC02621-2048x1365.jpg 2048w, https:\/\/visveilingurk.nl\/wp-content\/uploads\/2022\/04\/DSC02621-600x400.jpg 600w\" sizes=\"(max-width: 980px) 100vw, 980px\" \/><\/div>\n\t\t<\/figure>\n\t<\/div>\n<\/div><\/div><\/div><\/div><div class=\"vc_row wpb_row vc_row-fluid\"><div class=\"wpb_column vc_column_container vc_col-md-12\"><div class=\"vc_column-inner\"><div class=\"wpb_wrapper\"><section class=\"vc_cta3-container\"><div class=\"vc_general vc_cta3 vc_cta3-style-classic vc_cta3-shape-rounded vc_cta3-align-left vc_cta3-color-classic vc_cta3-icon-size-md vc_cta3-actions-left\"><div class=\"vc_cta3_content-container\"><div class=\"vc_cta3-actions\"><div class=\"vc_btn3-container vc_btn3-inline\"><a class=\"vc_general vc_btn3 vc_btn3-size-lg vc_btn3-shape-rounded vc_btn3-style-modern vc_btn3-color-grey\" href=\"https:\/\/visveilingurk.nl\/fr\/?page_id=2629\" title=\"Vacatures\" target=\"_self\">Contactformulier: Werken bij Vissorteerders<\/a><\/div>\n<\/div><div class=\"vc_cta3-content\"><header class=\"vc_cta3-content-header\"><h2>Travailler chez les Trieurs de poisson ?<\/h2><\/header><p>C\u2019est possible\u202f! Cliquez ici pour remplir le formulaire de contact. Le chef d\u2019\u00e9quipe des trieurs de poisson vous contactera d\u00e8s qu\u2019un poste sera disponible.<\/p>\n<\/div><\/div><\/div><\/section><\/div><\/div><\/div><\/div>\t\t\t\t\t\t\t\t<\/div>\n\t\t\t\t<\/div>\n\t\t\t\t\t<\/div>\n\t\t<\/div>\n\t\t\t\t\t<\/div>\n\t\t<\/section>\n\t\t\t\t<\/div>","protected":false},"excerpt":{"rendered":"Vis sorteren Het complex van de Visafslag Urk bv is gebaseerd op een weldoordachte logistiek verwerking van de vis in het totale veilproces. Door deze logistiek is het mogelijk om grote hoeveelheden vis in hoge snelheid gereed te maken voor &hellip;","protected":false},"author":1,"featured_media":0,"parent":0,"menu_order":0,"comment_status":"closed","ping_status":"closed","template":"","meta":{"footnotes":""},"class_list":["post-2306","page","type-page","status-publish","hentry"],"aioseo_notices":[],"_links":{"self":[{"href":"https:\/\/visveilingurk.nl\/fr\/wp-json\/wp\/v2\/pages\/2306","targetHints":{"allow":["GET"]}}],"collection":[{"href":"https:\/\/visveilingurk.nl\/fr\/wp-json\/wp\/v2\/pages"}],"about":[{"href":"https:\/\/visveilingurk.nl\/fr\/wp-json\/wp\/v2\/types\/page"}],"author":[{"embeddable":true,"href":"https:\/\/visveilingurk.nl\/fr\/wp-json\/wp\/v2\/users\/1"}],"replies":[{"embeddable":true,"href":"https:\/\/visveilingurk.nl\/fr\/wp-json\/wp\/v2\/comments?post=2306"}],"version-history":[{"count":27,"href":"https:\/\/visveilingurk.nl\/fr\/wp-json\/wp\/v2\/pages\/2306\/revisions"}],"predecessor-version":[{"id":4139,"href":"https:\/\/visveilingurk.nl\/fr\/wp-json\/wp\/v2\/pages\/2306\/revisions\/4139"}],"wp:attachment":[{"href":"https:\/\/visveilingurk.nl\/fr\/wp-json\/wp\/v2\/media?parent=2306"}],"curies":[{"name":"wp","href":"https:\/\/api.w.org\/{rel}","templated":true}]}}