{"id":2307,"date":"2022-03-23T11:08:21","date_gmt":"2022-03-23T11:08:21","guid":{"rendered":"http:\/\/185.37.22.83:82\/?page_id=2307"},"modified":"2026-01-05T11:47:06","modified_gmt":"2026-01-05T11:47:06","slug":"ijsverkoop","status":"publish","type":"page","link":"https:\/\/visveilingurk.nl\/fr\/ijsverkoop\/","title":{"rendered":"Vente de glace"},"content":{"rendered":"<div data-elementor-type=\"wp-page\" data-elementor-id=\"2307\" class=\"elementor elementor-2307\">\n\t\t\t\t\t\t<section class=\"elementor-section elementor-top-section elementor-element elementor-element-64339611 elementor-section-boxed elementor-section-height-default elementor-section-height-default\" data-id=\"64339611\" data-element_type=\"section\">\n\t\t\t\t\t\t<div class=\"elementor-container elementor-column-gap-default\">\n\t\t\t\t\t<div class=\"elementor-column elementor-col-100 elementor-top-column elementor-element elementor-element-669fa1bc\" data-id=\"669fa1bc\" data-element_type=\"column\">\n\t\t\t<div class=\"elementor-widget-wrap elementor-element-populated\">\n\t\t\t\t\t\t<div class=\"elementor-element elementor-element-50d139c9 elementor-widget elementor-widget-text-editor\" data-id=\"50d139c9\" data-element_type=\"widget\" data-widget_type=\"text-editor.default\">\n\t\t\t\t<div class=\"elementor-widget-container\">\n\t\t\t\t\t\t\t\t\t<div class=\"vc_row wpb_row vc_row-fluid\"><div class=\"wpb_column vc_column_container vc_col-md-8\"><div class=\"vc_column-inner\"><div class=\"wpb_wrapper\">\n\t<div class=\"wpb_text_column wpb_content_element\" >\n\t\t<div class=\"wpb_wrapper\">\n\t\t\t<h2 class='heading-left  divider-modern'  style='color: #0c2c65'><span>Vente de glace<\/span><\/h2>\n<p>Notre silo \u00e0 Urk contient en permanence 20\u202ftonnes de glace en \u00e9cailles. Cette glace, outre l\u2019usage interne, est \u00e9galement disponible pour des tiers. Pour en commander, veuillez remplir le formulaire ci-dessous. Le service concern\u00e9 vous contactera.<\/p>\n\n\t\t<\/div>\n\t<\/div>\n\n\t<div class=\"wpb_raw_code wpb_content_element wpb_raw_html\" >\n\t\t<div class=\"wpb_wrapper\">\n\t\t\t<div class=\"forminator-ui forminator-custom-form forminator-custom-form-3974 forminator-design--default  forminator_ajax\" data-forminator-render=\"0\" data-form=\"forminator-module-3974\" data-uid=\"69f4270046a0e\"><br\/><\/div><form\n\t\t\t\tid=\"forminator-module-3974\"\n\t\t\t\tclass=\"forminator-ui forminator-custom-form forminator-custom-form-3974 forminator-design--default  forminator_ajax\"\n\t\t\t\tmethod=\"post\"\n\t\t\t\tdata-forminator-render=\"0\"\n\t\t\t\tdata-form-id=\"3974\"\n\t\t\t\t\n\t\t\t\tdata-design=\"default\"\n\t\t\t\t\n\t\t\t\t\n\t\t\t\t\n\t\t\t\tdata-grid=\"open\"\n\t\t\t\t\n\t\t\t\t\n\t\t\t\tstyle=\"display: none;\"\n\t\t\t\t\n\t\t\t\tdata-uid=\"69f4270046a0e\" action=\"\"\n\t\t\t><div role=\"alert\" aria-live=\"polite\" class=\"forminator-response-message forminator-error\" aria-hidden=\"true\"><\/div><div class=\"forminator-row\"><div id=\"text-1\" class=\"forminator-field-text forminator-col forminator-col-12\"><div class=\"forminator-field\"><label for=\"forminator-field-text-1_69f4270046a0e\" id=\"forminator-field-text-1_69f4270046a0e-label\" class=\"forminator-label\">Nom <span class=\"forminator-required\">*<\/span><\/label><input type=\"text\" name=\"text-1\" value=\"\" placeholder=\"\" id=\"forminator-field-text-1_69f4270046a0e\" class=\"forminator-input forminator-name--field\" data-required=\"1\" \/><\/div><\/div><\/div><div class=\"forminator-row\"><div id=\"email-1\" class=\"forminator-field-email forminator-col forminator-col-12\"><div class=\"forminator-field\"><label for=\"forminator-field-email-1_69f4270046a0e\" id=\"forminator-field-email-1_69f4270046a0e-label\" class=\"forminator-label\">Adresse e-mail <span class=\"forminator-required\">*<\/span><\/label><input type=\"email\" name=\"email-1\" value=\"\" placeholder=\"\" id=\"forminator-field-email-1_69f4270046a0e\" class=\"forminator-input forminator-email--field\" data-required=\"1\" aria-required=\"true\" \/><\/div><\/div><\/div><div class=\"forminator-row\"><div id=\"phone-1\" class=\"forminator-field-phone forminator-col forminator-col-12\"><div class=\"forminator-field\"><label for=\"forminator-field-phone-1_69f4270046a0e\" id=\"forminator-field-phone-1_69f4270046a0e-label\" class=\"forminator-label\">Num\u00e9ro de t\u00e9l\u00e9phone <span class=\"forminator-required\">*<\/span><\/label><input type=\"text\" name=\"phone-1\" value=\"\" placeholder=\"+31\" id=\"forminator-field-phone-1_69f4270046a0e\" class=\"forminator-input forminator-field--phone\" data-required=\"1\" aria-required=\"true\" autocomplete=\"off\" \/><\/div><\/div><\/div><div class=\"forminator-row\"><div id=\"textarea-1\" class=\"forminator-field-textarea forminator-col forminator-col-12\"><div class=\"forminator-field\"><label for=\"forminator-field-textarea-1_69f4270046a0e\" id=\"forminator-field-textarea-1_69f4270046a0e-label\" class=\"forminator-label\">D\u00e9tails de la commande <span class=\"forminator-required\">*<\/span><\/label><textarea name=\"textarea-1\" placeholder=\"\" id=\"forminator-field-textarea-1_69f4270046a0e\" class=\"forminator-textarea\" rows=\"6\" style=\"min-height:140px;\" ><\/textarea><\/div><\/div><\/div><div class=\"forminator-row\"><div id=\"captcha-1\" class=\"forminator-field-captcha forminator-col forminator-col-12\"><div class=\"forminator-captcha-left forminator-g-recaptcha recaptcha-invisible\" data-theme=\"light\" data-badge=\"bottomleft\" data-sitekey=\"6Lfuaq8qAAAAAGMuCNp9idCf1tGSsgWS8OXklC_F\" data-size=\"invisible\"><\/div> <\/div><\/div><input type=\"hidden\" name=\"referer_url\" value=\"\" \/><div class=\"forminator-row forminator-row-last\"><div class=\"forminator-col\"><div class=\"forminator-field\"><button class=\"forminator-button forminator-button-submit\">Envoyer<\/button><\/div><\/div><\/div><input type=\"hidden\" id=\"forminator_nonce\" name=\"forminator_nonce\" value=\"283bfebb95\" \/><input type=\"hidden\" name=\"_wp_http_referer\" value=\"\/fr\/wp-json\/wp\/v2\/pages\/2307\" \/><input type=\"hidden\" name=\"form_id\" value=\"3974\"><input type=\"hidden\" name=\"page_id\" value=\"2307\"><input type=\"hidden\" name=\"form_type\" value=\"default\"><input type=\"hidden\" name=\"current_url\" value=\"https:\/\/visveilingurk.nl\/fr\/ijsverkoop\/\"><input type=\"hidden\" name=\"render_id\" value=\"0\"><input type=\"hidden\" name=\"action\" value=\"forminator_submit_form_custom-forms\"><input type=\"hidden\" name=\"trp-form-language\" value=\"fr\"\/><\/form>\n\t\t<\/div>\n\t<\/div>\n<\/div><\/div><\/div><div class=\"wpb_column vc_column_container vc_col-md-4\"><div class=\"vc_column-inner\"><div class=\"wpb_wrapper\">\n\t<div class=\"wpb_text_column wpb_content_element\" >\n\t\t<div class=\"wpb_wrapper\">\n\t\t\t<h2>Tarifs de base de la glace en \u00e9cailles<\/h2>\n<ul>\n<li>Fourniture de glace par tub \u20ac 36,75<\/li>\n<li>Fourniture de glace par caisse (pour moins de 10 caisses) \u20ac 7,29<\/li>\n<li>Fourniture d\u2019eau froide par tub \u20ac 1,30<\/li>\n<li>\u00c9vacuation des d\u00e9chets encombrants par m\u00b3 \u20ac 43,76<\/li>\n<li>Utilisation de caisses tiers par jour\/partie de jour\u202f: \u20ac 0,46<\/li>\n<\/ul>\n<p><strong>Remarque\u202f: ces prix sont indicatifs et peuvent varier.<\/strong> Pour un devis actualis\u00e9, veuillez nous contacter via notre formulaire de contact.<\/p>\n\n\t\t<\/div>\n\t<\/div>\n\n<div class=\"vc_grid-container-wrapper vc_clearfix vc_grid-animation-fadeIn\">\n\t<div class=\"vc_grid-container vc_clearfix wpb_content_element vc_media_grid\" data-initial-loading-animation=\"fadeIn\" data-vc-grid-settings=\"{&quot;page_id&quot;:2307,&quot;style&quot;:&quot;all&quot;,&quot;action&quot;:&quot;vc_get_vc_grid_data&quot;,&quot;shortcode_id&quot;:&quot;1734075485002-c53b6f5dacdbc03c236a7b7d2188e0c1-9&quot;,&quot;tag&quot;:&quot;vc_media_grid&quot;}\" data-vc-request=\"https:\/\/visveilingurk.nl\/wp-admin\/admin-ajax.php\" data-vc-post-id=\"2307\" data-vc-public-nonce=\"c4295dd661\">\n\t\t\n\t<\/div>\n<\/div><\/div><\/div><\/div><\/div><div class=\"vc_row wpb_row vc_row-fluid\"><div class=\"wpb_column vc_column_container vc_col-md-12\"><div class=\"vc_column-inner\"><div class=\"wpb_wrapper\"><\/div><\/div><\/div><\/div><div class=\"vc_row wpb_row vc_row-fluid\"><div class=\"wpb_column vc_column_container vc_col-md-12\"><div class=\"vc_column-inner\"><div class=\"wpb_wrapper\"><\/div><\/div><\/div><\/div>\t\t\t\t\t\t\t\t<\/div>\n\t\t\t\t<\/div>\n\t\t\t\t\t<\/div>\n\t\t<\/div>\n\t\t\t\t\t<\/div>\n\t\t<\/section>\n\t\t\t\t<\/div>","protected":false},"excerpt":{"rendered":"Ijsverkoop Onze silo op Urk heeft ten alle tijde 20 ton scherfijs beschikbaar. Dit ijs is naast intern gebruik ook beschikbaar voor derden. Voor afname van ijs kunt u contact opnemen via het onderstaande formulier. De desbetreffende afdeling zal dan &hellip;","protected":false},"author":1,"featured_media":0,"parent":0,"menu_order":0,"comment_status":"closed","ping_status":"closed","template":"","meta":{"footnotes":""},"class_list":["post-2307","page","type-page","status-publish","hentry"],"aioseo_notices":[],"_links":{"self":[{"href":"https:\/\/visveilingurk.nl\/fr\/wp-json\/wp\/v2\/pages\/2307","targetHints":{"allow":["GET"]}}],"collection":[{"href":"https:\/\/visveilingurk.nl\/fr\/wp-json\/wp\/v2\/pages"}],"about":[{"href":"https:\/\/visveilingurk.nl\/fr\/wp-json\/wp\/v2\/types\/page"}],"author":[{"embeddable":true,"href":"https:\/\/visveilingurk.nl\/fr\/wp-json\/wp\/v2\/users\/1"}],"replies":[{"embeddable":true,"href":"https:\/\/visveilingurk.nl\/fr\/wp-json\/wp\/v2\/comments?post=2307"}],"version-history":[{"count":33,"href":"https:\/\/visveilingurk.nl\/fr\/wp-json\/wp\/v2\/pages\/2307\/revisions"}],"predecessor-version":[{"id":4319,"href":"https:\/\/visveilingurk.nl\/fr\/wp-json\/wp\/v2\/pages\/2307\/revisions\/4319"}],"wp:attachment":[{"href":"https:\/\/visveilingurk.nl\/fr\/wp-json\/wp\/v2\/media?parent=2307"}],"curies":[{"name":"wp","href":"https:\/\/api.w.org\/{rel}","templated":true}]}}