{"id":2310,"date":"2022-03-23T11:08:21","date_gmt":"2022-03-23T11:08:21","guid":{"rendered":"http:\/\/185.37.22.83:82\/?page_id=2310"},"modified":"2025-01-22T13:56:27","modified_gmt":"2025-01-22T13:56:27","slug":"kisten-reiniging","status":"publish","type":"page","link":"https:\/\/visveilingurk.nl\/fr\/kisten-reiniging\/","title":{"rendered":"Nettoyage des caisses"},"content":{"rendered":"<div data-elementor-type=\"wp-page\" data-elementor-id=\"2310\" class=\"elementor elementor-2310\">\n\t\t\t\t\t\t<section class=\"elementor-section elementor-top-section elementor-element elementor-element-1cf92ae4 elementor-section-boxed elementor-section-height-default elementor-section-height-default\" data-id=\"1cf92ae4\" data-element_type=\"section\">\n\t\t\t\t\t\t<div class=\"elementor-container elementor-column-gap-default\">\n\t\t\t\t\t<div class=\"elementor-column elementor-col-100 elementor-top-column elementor-element elementor-element-24fdc6e4\" data-id=\"24fdc6e4\" data-element_type=\"column\">\n\t\t\t<div class=\"elementor-widget-wrap elementor-element-populated\">\n\t\t\t\t\t\t<div class=\"elementor-element elementor-element-455358df elementor-widget__width-initial elementor-widget elementor-widget-text-editor\" data-id=\"455358df\" data-element_type=\"widget\" data-widget_type=\"text-editor.default\">\n\t\t\t\t<div class=\"elementor-widget-container\">\n\t\t\t\t\t\t\t\t\t<p style=\"text-align: left;\"><div class=\"vc_row wpb_row vc_row-fluid\"><div class=\"wpb_column vc_column_container vc_col-md-12\"><div class=\"vc_column-inner\"><div class=\"wpb_wrapper\">\n\t<div class=\"wpb_text_column wpb_content_element\" >\n\t\t<div class=\"wpb_wrapper\">\n\t\t\t<p><h2 class='heading-left  divider-modern'  style='color: #0c2c65'><span><em class=\"heading-subtitle\" style='color: #0c2c65'>Urk\/Harlingen<\/em>Nettoyage des caisses<\/span><\/h2><span style=\"color: var( --e-global-color-text ); font-family: var( --e-global-typography-text-font-family ), Sans-serif; font-weight: var( --e-global-typography-text-font-weight );\"><div class=\"vc_row wpb_row vc_row-fluid\"><\/div><div class=\"wpb_column vc_column_container vc_col-md-12\"><div class=\"vc_column-inner\"><div class=\"wpb_wrapper\"><\/div><\/div><\/div>\n\t<div class=\"wpb_text_column wpb_content_element\" >\n\t\t<div class=\"wpb_wrapper\">\n\t\t\t\n\t\t<\/div>\n\t<\/div>\nVisveiling Urk propose sur ses deux sites la possibilit\u00e9 de nettoyer diff\u00e9rents formats de caisses, avec une capacit\u00e9 de plus de 1500 caisses par heure.\u00a0<\/span><span style=\"color: var( --e-global-color-text ); font-family: var( --e-global-typography-text-font-family ), Sans-serif; font-weight: var( --e-global-typography-text-font-weight );\">De plus, le site d\u2019Urk dispose d\u2019une station de lavage pour bacs de diff\u00e9rents formats. Vous pouvez \u00e9galement utiliser ces possibilit\u00e9s de nettoyage pour vos caisses ou bacs.\u00a0<\/span><span style=\"color: var( --e-global-color-text ); font-family: var( --e-global-typography-text-font-family ), Sans-serif; font-weight: var( --e-global-typography-text-font-weight );\">Pour cela, veuillez envoyer un e-mail \u00e0 <\/span><a style=\"font-family: var( --e-global-typography-text-font-family ), Sans-serif; font-weight: var( --e-global-typography-text-font-weight ); background-color: #ffffff;\" href=\"mailto:fust@visveilingurk.nl\">fust@visveilingurk.nl.<\/a><span style=\"color: var( --e-global-color-text ); font-family: var( --e-global-typography-text-font-family ), Sans-serif; font-weight: var( --e-global-typography-text-font-weight );\"><\/p>\n\n\t\t<\/div>\n\t<\/div>\n<\/div><\/div><\/div><\/div><div class=\"vc_row wpb_row vc_row-fluid\"><div class=\"wpb_column vc_column_container vc_col-md-12\"><div class=\"vc_column-inner\"><div class=\"wpb_wrapper\"><div class=\"wpb_gallery wpb_content_element vc_clearfix\" ><div class=\"wpb_wrapper\"><div class=\"wpb_gallery_slides wpb_flexslider flexslider_fade flexslider\" data-interval=\"3\" data-flex_fx=\"fade\"><ul class=\"slides\"><li><a class=\"\" href=\"https:\/\/visveilingurk.nl\/wp-content\/uploads\/2022\/10\/IMG_20220304_071132-1024x467.jpg\" data-lightbox=\"lightbox[rel-2310-234350600]\"><img fetchpriority=\"high\" decoding=\"async\" width=\"980\" height=\"447\" src=\"https:\/\/visveilingurk.nl\/wp-content\/uploads\/2022\/10\/IMG_20220304_071132-1024x467.jpg\" class=\"attachment-large\" alt=\"\" srcset=\"https:\/\/visveilingurk.nl\/wp-content\/uploads\/2022\/10\/IMG_20220304_071132-1024x467.jpg 1024w, https:\/\/visveilingurk.nl\/wp-content\/uploads\/2022\/10\/IMG_20220304_071132-300x137.jpg 300w, https:\/\/visveilingurk.nl\/wp-content\/uploads\/2022\/10\/IMG_20220304_071132-768x350.jpg 768w, https:\/\/visveilingurk.nl\/wp-content\/uploads\/2022\/10\/IMG_20220304_071132-1536x700.jpg 1536w, https:\/\/visveilingurk.nl\/wp-content\/uploads\/2022\/10\/IMG_20220304_071132-2048x934.jpg 2048w\" sizes=\"(max-width: 980px) 100vw, 980px\" \/><\/a><\/li><\/ul><\/div><\/div><\/div><\/div><\/div><\/div><\/div><\/span><\/p>\t\t\t\t\t\t\t\t<\/div>\n\t\t\t\t<\/div>\n\t\t\t\t\t<\/div>\n\t\t<\/div>\n\t\t\t\t\t<\/div>\n\t\t<\/section>\n\t\t\t\t<\/div>","protected":false},"excerpt":{"rendered":"Urk\/HarlingenKistenreiniging Visveiling Urk bied op beide locaties de mogelijkheid tot het reinigen van diverse formaat kisten, welke een capaciteit heeft om ruim 1500 kisten per uur grondig te reinigen.\u00a0Tevens heeft locatie Urk een wasserette voor tubs van diverse formaten. Ook &hellip;","protected":false},"author":1,"featured_media":0,"parent":0,"menu_order":0,"comment_status":"closed","ping_status":"closed","template":"","meta":{"footnotes":""},"class_list":["post-2310","page","type-page","status-publish","hentry"],"aioseo_notices":[],"_links":{"self":[{"href":"https:\/\/visveilingurk.nl\/fr\/wp-json\/wp\/v2\/pages\/2310","targetHints":{"allow":["GET"]}}],"collection":[{"href":"https:\/\/visveilingurk.nl\/fr\/wp-json\/wp\/v2\/pages"}],"about":[{"href":"https:\/\/visveilingurk.nl\/fr\/wp-json\/wp\/v2\/types\/page"}],"author":[{"embeddable":true,"href":"https:\/\/visveilingurk.nl\/fr\/wp-json\/wp\/v2\/users\/1"}],"replies":[{"embeddable":true,"href":"https:\/\/visveilingurk.nl\/fr\/wp-json\/wp\/v2\/comments?post=2310"}],"version-history":[{"count":24,"href":"https:\/\/visveilingurk.nl\/fr\/wp-json\/wp\/v2\/pages\/2310\/revisions"}],"predecessor-version":[{"id":4129,"href":"https:\/\/visveilingurk.nl\/fr\/wp-json\/wp\/v2\/pages\/2310\/revisions\/4129"}],"wp:attachment":[{"href":"https:\/\/visveilingurk.nl\/fr\/wp-json\/wp\/v2\/media?parent=2310"}],"curies":[{"name":"wp","href":"https:\/\/api.w.org\/{rel}","templated":true}]}}