{"id":2329,"date":"2022-03-23T11:13:54","date_gmt":"2022-03-23T11:13:54","guid":{"rendered":"http:\/\/185.37.22.83:82\/?page_id=2329"},"modified":"2025-01-22T13:58:01","modified_gmt":"2025-01-22T13:58:01","slug":"ons-veilproces","status":"publish","type":"page","link":"https:\/\/visveilingurk.nl\/fr\/ons-veilproces\/","title":{"rendered":"Notre processus de cri\u00e9e"},"content":{"rendered":"<div data-elementor-type=\"wp-page\" data-elementor-id=\"2329\" class=\"elementor elementor-2329\">\n\t\t\t\t\t\t<section class=\"elementor-section elementor-top-section elementor-element elementor-element-7c7939e0 elementor-section-boxed elementor-section-height-default elementor-section-height-default\" data-id=\"7c7939e0\" data-element_type=\"section\">\n\t\t\t\t\t\t<div class=\"elementor-container elementor-column-gap-default\">\n\t\t\t\t\t<div class=\"elementor-column elementor-col-100 elementor-top-column elementor-element elementor-element-73474de9\" data-id=\"73474de9\" data-element_type=\"column\">\n\t\t\t<div class=\"elementor-widget-wrap elementor-element-populated\">\n\t\t\t\t\t\t<div class=\"elementor-element elementor-element-5cc32350 elementor-widget elementor-widget-text-editor\" data-id=\"5cc32350\" data-element_type=\"widget\" data-widget_type=\"text-editor.default\">\n\t\t\t\t<div class=\"elementor-widget-container\">\n\t\t\t\t\t\t\t\t\t<div class=\"vc_row wpb_row vc_row-fluid\"><div class=\"wpb_column vc_column_container vc_col-md-12\"><div class=\"vc_column-inner\"><div class=\"wpb_wrapper\"><h2 class='heading-left  divider-modern'  style='color: #000000'><span>Notre processus de cri\u00e9e<\/span><\/h2><\/div><\/div><\/div><\/div><div class=\"vc_row wpb_row vc_row-fluid\"><div class=\"wpb_column vc_column_container vc_col-md-12\"><div class=\"vc_column-inner\"><div class=\"wpb_wrapper\">\n\t<div class=\"wpb_text_column wpb_content_element\" >\n\t\t<div class=\"wpb_wrapper\">\n\t\t\t<p>Dans la salle de vente moderne de Visveiling Urk, la mise aux ench\u00e8res est projet\u00e9e sur deux \u00e9crans. L\u2019un diffuse l\u2019horloge de cri\u00e9e , l\u2019autre le syst\u00e8me d\u2019informations de pes\u00e9e. Cela permet d\u2019afficher davantage d\u2019informations qu\u2019avec une horloge traditionnelle. L\u2019avantage est que la position de l\u2019horloge et celle du syst\u00e8me d\u2019informations de pes\u00e9e peuvent \u00eatre invers\u00e9es, rendant l\u2019ensemble moins sensible aux pannes<\/p>\n<p>Sur l\u2019horloge de la cri\u00e9e, en plus du lot en cours, les six lots \u00e0 venir et les cinq lots d\u00e9j\u00e0 vendus sont affich\u00e9s. De cette mani\u00e8re, l\u2019acheteur peut facilement garder une vue d\u2019ensemble sur les prix. Le r\u00e9seau de cri\u00e9e est reli\u00e9 au r\u00e9seau administratif, permettant de traiter quasiment en temps r\u00e9el les transactions et de les consulter en ligne.<\/p>\n<p>L\u2019acheteur dispose d\u2019un clavier moderne avec un \u00e9cran. Sans passer par le commissaire-priseur, il peut y s\u00e9lectionner le nombre de kilos souhait\u00e9s par lot ou par caisse. Son \u00e9cran lui permet de visualiser ses propres transactions, de les imprimer ou encore de consulter l\u2019\u00e9tat de son cr\u00e9dit.<\/p>\n<p>Il peut \u00e9galement \u00e9tablir une liste de chargement contenant toutes les informations pertinentes sur ses achats. Chaque poste dispose par ailleurs de deux connexions de donn\u00e9es, par exemple pour brancher un ordinateur portable.<br \/>Chaque acheteur pr\u00e9sent dans la salle de la Visafslag Urk BV a sa propre place. En pratique, cela signifie que 50 \u00e0 60 acheteurs prennent place sur les bancs.<\/p>\n<p>En cas de panne de courant, un groupe \u00e9lectrog\u00e8ne situ\u00e9 \u00e0 l\u2019arri\u00e8re du complexe assure l\u2019alimentation de secours. Ainsi, chaque cri\u00e9e peut se d\u00e9rouler sans interruption.<\/p>\n\n\t\t<\/div>\n\t<\/div>\n<\/div><\/div><\/div><div class=\"wpb_column vc_column_container vc_col-md-2\"><div class=\"vc_column-inner\"><div class=\"wpb_wrapper\"><\/div><\/div><\/div><\/div><div data-vc-full-width=\"true\" data-vc-full-width-init=\"false\" class=\"vc_row wpb_row vc_row-fluid no-bottom-padding-row vc_custom_1669804755998 vc_row-has-fill\"><div class=\"wpb_column vc_column_container vc_col-md-12 vc_col-has-fill\"><div class=\"vc_column-inner vc_custom_1669804738339\"><div class=\"wpb_wrapper\"><div class=\"download\"><div class='download-content text-uppercase' style='color: #ffffff'>T\u00e9l\u00e9chargez ici un PDF pour une procuration de vente aux ench\u00e8res.<\/div><a target='_blank' href='https:\/\/visveilingurk.nl\/wp-content\/uploads\/2025\/01\/Authorization-form-VVU.pdf' class='btn btn-md btn-dark btn-shadow'>Download<\/a><\/div><\/div><\/div><\/div><\/div><div class=\"vc_row-full-width vc_clearfix\"><\/div>\t\t\t\t\t\t\t\t<\/div>\n\t\t\t\t<\/div>\n\t\t\t\t\t<\/div>\n\t\t<\/div>\n\t\t\t\t\t<\/div>\n\t\t<\/section>\n\t\t\t\t<\/div>","protected":false},"excerpt":{"rendered":"Ons veilproces In de moderne mijnzaal van visveiling Urk wordt de veiling op 2 beamers geprojecteerd. Op de ene beamer draait de klok, op de andere \u00a0het weeginformatie systeem. Hierdoor kan er veel meer informatie worden laten gezien dan bij &hellip;","protected":false},"author":1,"featured_media":0,"parent":0,"menu_order":0,"comment_status":"closed","ping_status":"closed","template":"","meta":{"footnotes":""},"class_list":["post-2329","page","type-page","status-publish","hentry"],"aioseo_notices":[],"_links":{"self":[{"href":"https:\/\/visveilingurk.nl\/fr\/wp-json\/wp\/v2\/pages\/2329","targetHints":{"allow":["GET"]}}],"collection":[{"href":"https:\/\/visveilingurk.nl\/fr\/wp-json\/wp\/v2\/pages"}],"about":[{"href":"https:\/\/visveilingurk.nl\/fr\/wp-json\/wp\/v2\/types\/page"}],"author":[{"embeddable":true,"href":"https:\/\/visveilingurk.nl\/fr\/wp-json\/wp\/v2\/users\/1"}],"replies":[{"embeddable":true,"href":"https:\/\/visveilingurk.nl\/fr\/wp-json\/wp\/v2\/comments?post=2329"}],"version-history":[{"count":16,"href":"https:\/\/visveilingurk.nl\/fr\/wp-json\/wp\/v2\/pages\/2329\/revisions"}],"predecessor-version":[{"id":4132,"href":"https:\/\/visveilingurk.nl\/fr\/wp-json\/wp\/v2\/pages\/2329\/revisions\/4132"}],"wp:attachment":[{"href":"https:\/\/visveilingurk.nl\/fr\/wp-json\/wp\/v2\/media?parent=2329"}],"curies":[{"name":"wp","href":"https:\/\/api.w.org\/{rel}","templated":true}]}}