{"id":2592,"date":"2022-05-10T09:36:07","date_gmt":"2022-05-10T09:36:07","guid":{"rendered":"http:\/\/185.37.22.83:82\/?page_id=2592"},"modified":"2025-01-14T16:16:10","modified_gmt":"2025-01-14T16:16:10","slug":"garnalenzeef","status":"publish","type":"page","link":"https:\/\/visveilingurk.nl\/fr\/garnalenzeef\/","title":{"rendered":"Tamis \u00e0 crevettes"},"content":{"rendered":"<div data-elementor-type=\"wp-page\" data-elementor-id=\"2592\" class=\"elementor elementor-2592\">\n\t\t\t\t\t\t<section class=\"elementor-section elementor-top-section elementor-element elementor-element-6170ff6c elementor-section-boxed elementor-section-height-default elementor-section-height-default\" data-id=\"6170ff6c\" data-element_type=\"section\">\n\t\t\t\t\t\t<div class=\"elementor-container elementor-column-gap-default\">\n\t\t\t\t\t<div class=\"elementor-column elementor-col-100 elementor-top-column elementor-element elementor-element-55d5577a\" data-id=\"55d5577a\" data-element_type=\"column\">\n\t\t\t<div class=\"elementor-widget-wrap elementor-element-populated\">\n\t\t\t\t\t\t<div class=\"elementor-element elementor-element-2bd221c0 elementor-widget elementor-widget-shortcode\" data-id=\"2bd221c0\" data-element_type=\"widget\" data-widget_type=\"shortcode.default\">\n\t\t\t\t<div class=\"elementor-widget-container\">\n\t\t\t\t\t\t\t<div class=\"elementor-shortcode\"><div class=\"vc_row wpb_row vc_row-fluid\"><div class=\"wpb_column vc_column_container vc_col-md-8\"><div class=\"vc_column-inner\"><div class=\"wpb_wrapper\">\n\t<div class=\"wpb_text_column wpb_content_element\" >\n\t\t<div class=\"wpb_wrapper\">\n\t\t\t<h2 class='heading-left  divider-modern'  style='color: #0c2c65'><span><em class=\"heading-subtitle\" style='color: #0c2c65'>Harlingen<\/em>Tamis \u00e0 crevettes<\/span><\/h2>\n<p>\u00c0 Harlingen se trouve la tamiseuse \u00e0 crevettes la plus moderne d\u2019Europe.<br \/>\nGr\u00e2ce \u00e0 l\u2019automatisation compl\u00e8te, nous garantissons un traitement des crevettes \u00e0 la fois efficace, hygi\u00e9nique et irr\u00e9prochable. Cette installation et ce mode de fonctionnement nous ont permis d\u2019obtenir une certification de haut niveau, \u00e0 savoir FSSC-22000. Nous mettons ce service \u00e0 disposition de tous les fournisseurs et acheteurs de crevettes.<\/p>\n<h4>Pour toute question, vous pouvez nous contacter directement via le formulaire ci-dessous\u202f:<\/h4>\n\n\t\t<\/div>\n\t<\/div>\n\n\t<div class=\"wpb_raw_code wpb_content_element wpb_raw_html\" >\n\t\t<div class=\"wpb_wrapper\">\n\t\t\t<div class=\"forminator-ui forminator-custom-form forminator-custom-form-3976 forminator-design--default  forminator_ajax\" data-forminator-render=\"0\" data-form=\"forminator-module-3976\" data-uid=\"69f19033efd9d\"><br\/><\/div><form\n\t\t\t\tid=\"forminator-module-3976\"\n\t\t\t\tclass=\"forminator-ui forminator-custom-form forminator-custom-form-3976 forminator-design--default  forminator_ajax\"\n\t\t\t\tmethod=\"post\"\n\t\t\t\tdata-forminator-render=\"0\"\n\t\t\t\tdata-form-id=\"3976\"\n\t\t\t\t\n\t\t\t\tdata-design=\"default\"\n\t\t\t\t\n\t\t\t\t\n\t\t\t\t\n\t\t\t\tdata-grid=\"open\"\n\t\t\t\t\n\t\t\t\t\n\t\t\t\tstyle=\"display: none;\"\n\t\t\t\t\n\t\t\t\tdata-uid=\"69f19033efd9d\" action=\"\"\n\t\t\t><div role=\"alert\" aria-live=\"polite\" class=\"forminator-response-message forminator-error\" aria-hidden=\"true\"><\/div><div class=\"forminator-row\"><div id=\"text-1\" class=\"forminator-field-text forminator-col forminator-col-12\"><div class=\"forminator-field\"><label for=\"forminator-field-text-1_69f19033efd9d\" id=\"forminator-field-text-1_69f19033efd9d-label\" class=\"forminator-label\">Nom <span class=\"forminator-required\">*<\/span><\/label><input type=\"text\" name=\"text-1\" value=\"\" placeholder=\"\" id=\"forminator-field-text-1_69f19033efd9d\" class=\"forminator-input forminator-name--field\" data-required=\"1\" \/><\/div><\/div><\/div><div class=\"forminator-row\"><div id=\"email-1\" class=\"forminator-field-email forminator-col forminator-col-12\"><div class=\"forminator-field\"><label for=\"forminator-field-email-1_69f19033efd9d\" id=\"forminator-field-email-1_69f19033efd9d-label\" class=\"forminator-label\">E-mail <span class=\"forminator-required\">*<\/span><\/label><input type=\"email\" name=\"email-1\" value=\"\" placeholder=\"\" id=\"forminator-field-email-1_69f19033efd9d\" class=\"forminator-input forminator-email--field\" data-required=\"1\" aria-required=\"true\" \/><\/div><\/div><\/div><div class=\"forminator-row\"><div id=\"number-1\" class=\"forminator-field-number forminator-col forminator-col-12\"><div class=\"forminator-field\"><label for=\"forminator-field-number-1_69f19033efd9d\" id=\"forminator-field-number-1_69f19033efd9d-label\" class=\"forminator-label\">Num\u00e9ro de t\u00e9l\u00e9phone <span class=\"forminator-required\">*<\/span><\/label><input name=\"number-1\" value=\"+31\" placeholder=\"\" id=\"forminator-field-number-1_69f19033efd9d\" class=\"forminator-input forminator-number--field\" inputmode=\"decimal\" data-required=\"1\" data-decimals=\"0\" aria-required=\"true\" data-inputmask=\"&#039;groupSeparator&#039;: &#039;&#039;, &#039;radixPoint&#039;: &#039;&#039;, &#039;digits&#039;: &#039;0&#039;\" type=\"number\" step=\"any\" min=\"\" \/><\/div><\/div><\/div><div class=\"forminator-row\"><div id=\"textarea-1\" class=\"forminator-field-textarea forminator-col forminator-col-12\"><div class=\"forminator-field\"><label for=\"forminator-field-textarea-1_69f19033efd9d\" id=\"forminator-field-textarea-1_69f19033efd9d-label\" class=\"forminator-label\">Votre message <span class=\"forminator-required\">*<\/span><\/label><textarea name=\"textarea-1\" placeholder=\"\" id=\"forminator-field-textarea-1_69f19033efd9d\" class=\"forminator-textarea\" rows=\"6\" style=\"min-height:140px;\" ><\/textarea><\/div><\/div><\/div><div class=\"forminator-row\"><div id=\"captcha-1\" class=\"forminator-field-captcha forminator-col forminator-col-12\"><div class=\"forminator-captcha-left forminator-g-recaptcha recaptcha-invisible\" data-theme=\"light\" data-badge=\"bottomleft\" data-sitekey=\"6Lfuaq8qAAAAAGMuCNp9idCf1tGSsgWS8OXklC_F\" data-size=\"invisible\"><\/div> <\/div><\/div><input type=\"hidden\" name=\"referer_url\" value=\"\" \/><div class=\"forminator-row forminator-row-last\"><div class=\"forminator-col\"><div class=\"forminator-field\"><button class=\"forminator-button forminator-button-submit\">Envoyer<\/button><\/div><\/div><\/div><input type=\"hidden\" id=\"forminator_nonce\" name=\"forminator_nonce\" value=\"9b47ffe5cb\" \/><input type=\"hidden\" name=\"_wp_http_referer\" value=\"\/fr\/wp-json\/wp\/v2\/pages\/2592\" \/><input type=\"hidden\" name=\"form_id\" value=\"3976\"><input type=\"hidden\" name=\"page_id\" value=\"2592\"><input type=\"hidden\" name=\"form_type\" value=\"default\"><input type=\"hidden\" name=\"current_url\" value=\"https:\/\/visveilingurk.nl\/fr\/garnalenzeef\/\"><input type=\"hidden\" name=\"render_id\" value=\"0\"><input type=\"hidden\" name=\"action\" value=\"forminator_submit_form_custom-forms\"><input type=\"hidden\" name=\"trp-form-language\" value=\"fr\"\/><\/form>\n\t\t<\/div>\n\t<\/div>\n<\/div><\/div><\/div><div class=\"wpb_column vc_column_container vc_col-md-4\"><div class=\"vc_column-inner\"><div class=\"wpb_wrapper\"><div class=\"vc_empty_space\"   style=\"height: 120px\"><span class=\"vc_empty_space_inner\"><\/span><\/div>\n\t<div  class=\"wpb_single_image wpb_content_element vc_align_left\">\n\t\t\n\t\t<figure class=\"wpb_wrapper vc_figure\">\n\t\t\t<div class=\"vc_single_image-wrapper   vc_box_border_grey\"><img fetchpriority=\"high\" decoding=\"async\" width=\"980\" height=\"654\" src=\"https:\/\/visveilingurk.nl\/wp-content\/uploads\/2022\/05\/DSC02710-1024x683.jpg\" class=\"vc_single_image-img attachment-large\" alt=\"\" srcset=\"https:\/\/visveilingurk.nl\/wp-content\/uploads\/2022\/05\/DSC02710-1024x683.jpg 1024w, https:\/\/visveilingurk.nl\/wp-content\/uploads\/2022\/05\/DSC02710-300x200.jpg 300w, https:\/\/visveilingurk.nl\/wp-content\/uploads\/2022\/05\/DSC02710-768x512.jpg 768w, https:\/\/visveilingurk.nl\/wp-content\/uploads\/2022\/05\/DSC02710-1536x1024.jpg 1536w, https:\/\/visveilingurk.nl\/wp-content\/uploads\/2022\/05\/DSC02710-2048x1365.jpg 2048w, https:\/\/visveilingurk.nl\/wp-content\/uploads\/2022\/05\/DSC02710-600x400.jpg 600w\" sizes=\"(max-width: 980px) 100vw, 980px\" \/><\/div>\n\t\t<\/figure>\n\t<\/div>\n\n\t<div  class=\"wpb_single_image wpb_content_element vc_align_left\">\n\t\t\n\t\t<figure class=\"wpb_wrapper vc_figure\">\n\t\t\t<div class=\"vc_single_image-wrapper   vc_box_border_grey\"><img decoding=\"async\" width=\"980\" height=\"654\" src=\"https:\/\/visveilingurk.nl\/wp-content\/uploads\/2022\/05\/DSC02712-1024x683.jpg\" class=\"vc_single_image-img attachment-large\" alt=\"\" srcset=\"https:\/\/visveilingurk.nl\/wp-content\/uploads\/2022\/05\/DSC02712-1024x683.jpg 1024w, https:\/\/visveilingurk.nl\/wp-content\/uploads\/2022\/05\/DSC02712-300x200.jpg 300w, https:\/\/visveilingurk.nl\/wp-content\/uploads\/2022\/05\/DSC02712-768x512.jpg 768w, https:\/\/visveilingurk.nl\/wp-content\/uploads\/2022\/05\/DSC02712-1536x1024.jpg 1536w, https:\/\/visveilingurk.nl\/wp-content\/uploads\/2022\/05\/DSC02712-2048x1365.jpg 2048w, https:\/\/visveilingurk.nl\/wp-content\/uploads\/2022\/05\/DSC02712-600x400.jpg 600w\" sizes=\"(max-width: 980px) 100vw, 980px\" \/><\/div>\n\t\t<\/figure>\n\t<\/div>\n\n\t<div  class=\"wpb_single_image wpb_content_element vc_align_left\">\n\t\t\n\t\t<figure class=\"wpb_wrapper vc_figure\">\n\t\t\t<div class=\"vc_single_image-wrapper   vc_box_border_grey\"><img decoding=\"async\" width=\"300\" height=\"200\" src=\"https:\/\/visveilingurk.nl\/wp-content\/uploads\/2022\/05\/fssc-22000-logo-2020-300x200.png\" class=\"vc_single_image-img attachment-medium\" alt=\"\" srcset=\"https:\/\/visveilingurk.nl\/wp-content\/uploads\/2022\/05\/fssc-22000-logo-2020-300x200.png 300w, https:\/\/visveilingurk.nl\/wp-content\/uploads\/2022\/05\/fssc-22000-logo-2020-1024x683.png 1024w, https:\/\/visveilingurk.nl\/wp-content\/uploads\/2022\/05\/fssc-22000-logo-2020-768x512.png 768w, https:\/\/visveilingurk.nl\/wp-content\/uploads\/2022\/05\/fssc-22000-logo-2020-600x400.png 600w, https:\/\/visveilingurk.nl\/wp-content\/uploads\/2022\/05\/fssc-22000-logo-2020.png 1080w\" sizes=\"(max-width: 300px) 100vw, 300px\" \/><\/div>\n\t\t<\/figure>\n\t<\/div>\n<\/div><\/div><\/div><\/div><\/div>\n\t\t\t\t\t\t<\/div>\n\t\t\t\t<\/div>\n\t\t\t\t\t<\/div>\n\t\t<\/div>\n\t\t\t\t\t<\/div>\n\t\t<\/section>\n\t\t\t\t<\/div>","protected":false},"excerpt":{"rendered":"HarlingenGarnalenzeef In Harlingen staat de meest moderne garnalenzeef van Europa. Door de volledige automatisering erachter kunnen we garanderen dat de garnalen op de meest effici\u00ebnte, hygi\u00ebnische en nette manier verwerkt worden. Door deze installatie en werkwijze zijn wij op hoog &hellip;","protected":false},"author":1,"featured_media":0,"parent":0,"menu_order":0,"comment_status":"closed","ping_status":"closed","template":"","meta":{"footnotes":""},"class_list":["post-2592","page","type-page","status-publish","hentry"],"aioseo_notices":[],"_links":{"self":[{"href":"https:\/\/visveilingurk.nl\/fr\/wp-json\/wp\/v2\/pages\/2592","targetHints":{"allow":["GET"]}}],"collection":[{"href":"https:\/\/visveilingurk.nl\/fr\/wp-json\/wp\/v2\/pages"}],"about":[{"href":"https:\/\/visveilingurk.nl\/fr\/wp-json\/wp\/v2\/types\/page"}],"author":[{"embeddable":true,"href":"https:\/\/visveilingurk.nl\/fr\/wp-json\/wp\/v2\/users\/1"}],"replies":[{"embeddable":true,"href":"https:\/\/visveilingurk.nl\/fr\/wp-json\/wp\/v2\/comments?post=2592"}],"version-history":[{"count":14,"href":"https:\/\/visveilingurk.nl\/fr\/wp-json\/wp\/v2\/pages\/2592\/revisions"}],"predecessor-version":[{"id":4092,"href":"https:\/\/visveilingurk.nl\/fr\/wp-json\/wp\/v2\/pages\/2592\/revisions\/4092"}],"wp:attachment":[{"href":"https:\/\/visveilingurk.nl\/fr\/wp-json\/wp\/v2\/media?parent=2592"}],"curies":[{"name":"wp","href":"https:\/\/api.w.org\/{rel}","templated":true}]}}