{"id":2593,"date":"2022-05-10T09:36:07","date_gmt":"2022-05-10T09:36:07","guid":{"rendered":"http:\/\/185.37.22.83:82\/?page_id=2593"},"modified":"2025-08-13T10:50:06","modified_gmt":"2025-08-13T10:50:06","slug":"aanlanding","status":"publish","type":"page","link":"https:\/\/visveilingurk.nl\/fr\/aanlanding\/","title":{"rendered":"D\u00e9barquement"},"content":{"rendered":"<div class=\"vc_row wpb_row vc_row-fluid\"><div class=\"wpb_column vc_column_container vc_col-md-12\"><div class=\"vc_column-inner\"><div class=\"wpb_wrapper\">\n\t<div class=\"wpb_text_column wpb_content_element\" >\n\t\t<div class=\"wpb_wrapper\">\n\t\t\t<h2 class='heading-left  divider-modern'  style='color: #0c2c65'><span><em class=\"heading-subtitle\" style='color: #0c2c65'>Harlingen\/Vlissingen<\/em>D\u00e9barquement<\/span><\/h2>\n<h2 class=\"text-xl font-bold text-text-100 mt-1 -mb-0.5\">Harlingen<\/h2>\n<p class=\"whitespace-normal break-words\">Visveiling Urk dispose de ses propres quais \u00e0 Harlingen, enti\u00e8rement r\u00e9nov\u00e9s en 2022. Ils peuvent accueillir une soixantaine de chalutiers, mais conviennent \u00e9galement \u00e0 d\u2019autres types de bateaux.<\/p>\n<p class=\"whitespace-normal break-words\">Les installations \u00e0 quai ont \u00e9galement \u00e9t\u00e9 mises \u00e0 jour en 2022 et sont d\u00e9sormais raccord\u00e9es \u00e0 <a class=\"underline\" href=\"http:\/\/www.walstroom.nl\">www.walstroom.nl<\/a>Les quais sont s\u00e9curis\u00e9s par un syst\u00e8me de vid\u00e9osurveillance 24\u202fh\/24, 7\u202fj\/7. Vous pouvez consulter l\u2019une de nos cam\u00e9ras via cette page.<\/p>\n<p class=\"whitespace-normal break-words\">De steiger grenst aan Visveiling Urk in Harlingen, het is mogelijk om vangsten direct vanaf het schip te lossen naar de visafslag toe.<\/p>\n<h2 class=\"text-xl font-bold text-text-100 mt-1 -mb-0.5\">Vlissingen<\/h2>\n<p class=\"whitespace-normal break-words\">Apr\u00e8s l\u2019acquisition de Visveiling Vlissingen, Visveiling Urk dispose d\u00e9sormais \u00e9galement d\u2019installations d\u2019amarrage \u00e9tendues \u00e0 Flessingue. Le quai s\u2019\u00e9tend sur 660 m\u00e8tres, du bollard n\u00b0 32 au n\u00b0 78, et peut accueillir 40 navires.<\/p>\n<p class=\"whitespace-normal break-words\">Le port est \u00e9quip\u00e9 de 5 armoires \u00e9lectriques \u00e0 quai pour l\u2019alimentation des navires amarr\u00e9s. Pour les navires souhaitant faire le plein d\u2019eau, cela est possible du bollard n\u00b0 32 au n\u00b0 50.<\/p>\n<p class=\"whitespace-normal break-words\">Dans le cadre de nos investissements continus dans des infrastructures portuaires modernes, une importante modernisation est pr\u00e9vue pour 2026\u20132027. Celle-ci comprend le remplacement de toutes les armoires \u00e9lectriques \u00e0 quai et d\u2019une grande partie de la palplanche, afin de rendre nos installations encore plus durables pour l\u2019avenir.<\/p>\n<p class=\"whitespace-normal break-words\">Comme \u00e0 Harlingen, il est \u00e9galement possible \u00e0 Flessingue de d\u00e9charger les captures directement du navire vers la cri\u00e9e.<\/p>\n<hr \/>\n<p><span style=\"font-size: revert;\">Pour plus d\u2019informations sur nos services, veuillez nous contacter \u00e0 <\/span><a style=\"font-size: revert;\" href=\"mailto:info@visveilingurk.nl\" target=\"_blank\" rel=\"noopener\">info@visveilingurk.nl<\/a><span style=\"font-size: revert;\">.<\/p>\n\n\t\t<\/div>\n\t<\/div>\n<\/div><\/div><\/div><\/div><div class=\"vc_row wpb_row vc_row-fluid\"><div class=\"wpb_column vc_column_container vc_col-md-12\"><div class=\"vc_column-inner\"><div class=\"wpb_wrapper\">\n\t<div class=\"wpb_text_column wpb_content_element\" >\n\t\t<div class=\"wpb_wrapper\">\n\t\t\t<p><\/span><\/p>\n<p><iframe src=\"https:\/\/rtsp.me\/embed\/nK2YftkY\/\" width=\"720\" height=\"480\" frameborder=\"0\" allowfullscreen=\"allowfullscreen\"><\/iframe><\/p>\n\n\t\t<\/div>\n\t<\/div>\n<\/div><\/div><\/div><\/div>\r\n\r\n<p>&nbsp;<\/p>","protected":false},"excerpt":{"rendered":"<p>&nbsp;<\/p>","protected":false},"author":1,"featured_media":0,"parent":0,"menu_order":0,"comment_status":"closed","ping_status":"closed","template":"","meta":{"footnotes":""},"class_list":["post-2593","page","type-page","status-publish","hentry"],"aioseo_notices":[],"_links":{"self":[{"href":"https:\/\/visveilingurk.nl\/fr\/wp-json\/wp\/v2\/pages\/2593","targetHints":{"allow":["GET"]}}],"collection":[{"href":"https:\/\/visveilingurk.nl\/fr\/wp-json\/wp\/v2\/pages"}],"about":[{"href":"https:\/\/visveilingurk.nl\/fr\/wp-json\/wp\/v2\/types\/page"}],"author":[{"embeddable":true,"href":"https:\/\/visveilingurk.nl\/fr\/wp-json\/wp\/v2\/users\/1"}],"replies":[{"embeddable":true,"href":"https:\/\/visveilingurk.nl\/fr\/wp-json\/wp\/v2\/comments?post=2593"}],"version-history":[{"count":30,"href":"https:\/\/visveilingurk.nl\/fr\/wp-json\/wp\/v2\/pages\/2593\/revisions"}],"predecessor-version":[{"id":4272,"href":"https:\/\/visveilingurk.nl\/fr\/wp-json\/wp\/v2\/pages\/2593\/revisions\/4272"}],"wp:attachment":[{"href":"https:\/\/visveilingurk.nl\/fr\/wp-json\/wp\/v2\/media?parent=2593"}],"curies":[{"name":"wp","href":"https:\/\/api.w.org\/{rel}","templated":true}]}}