{"id":1408,"date":"2016-01-19T14:03:09","date_gmt":"2016-01-19T14:03:09","guid":{"rendered":"http:\/\/anpsthemes.com\/construction\/?page_id=1408"},"modified":"2022-11-30T16:34:01","modified_gmt":"2022-11-30T16:34:01","slug":"about-us-2","status":"publish","type":"page","link":"https:\/\/visveilingurk.nl\/it\/about-us-2\/","title":{"rendered":"Chi Siamo"},"content":{"rendered":"<div class=\"vc_row wpb_row vc_row-fluid vc_custom_1460122496361\"><div class=\"wpb_column vc_column_container vc_col-md-6\"><div class=\"vc_column-inner\"><div class=\"wpb_wrapper\"><h2 class='heading-left  divider-modern'  style='color: #000000'><span><em class=\"heading-subtitle\" style='color: #a3baca'>Una lunga storia nel settore ittico<\/em>Su Visveiling Urk<\/span><\/h2><div class=\"vc_empty_space\"   style=\"height: 20px\"><span class=\"vc_empty_space_inner\"><\/span><\/div>\n\t<div class=\"wpb_text_column wpb_content_element\" >\n\t\t<div class=\"wpb_wrapper\">\n\t\t\t<div><strong><span style=\"font-size: small;\">Asta del pesce a Urk (Visveiling Urk)<\/span><\/strong><span style=\"font-size: small;\"> \u00e8 una cooperativa con due sedi, il cui obiettivo \u00e8 massimizzare i ricavi ottenuti dalla vendita del pesce a costi il pi\u00f9 possibile contenuti, fornendo un servizio ottimale ai propri pescatori\/soci, per migliorare la gestione delle loro attivit\u00e0. <\/span><\/div>\n<div><span style=\"font-size: small;\">Visveiling Urk organizza diversi servizi accessori legati alla pesca, con l\u2019intento di mantenere e rafforzare la propria reattivit\u00e0 e attenzione al cliente.<\/span><\/div>\n\n\t\t<\/div>\n\t<\/div>\n<\/div><\/div><\/div><div class=\"wpb_column vc_column_container vc_col-md-6\"><div class=\"vc_column-inner\"><div class=\"wpb_wrapper\">\n\t<div class=\"wpb_video_widget wpb_content_element vc_clearfix   vc_video-aspect-ratio-169 vc_video-el-width-100 vc_video-align-left\" >\n\t\t<div class=\"wpb_wrapper\">\n\t\t\t<h2 class=\"wpb_heading wpb_video_heading\">Filmato Aziendale Visveiling Urk<\/h2>\n\t\t\t<div class=\"wpb_video_wrapper\"><iframe title=\"Visveiling Urk Bedrijfsfilm\" width=\"980\" height=\"551\" src=\"https:\/\/www.youtube.com\/embed\/Qf5RBiS9ktQ?feature=oembed\" frameborder=\"0\" allow=\"accelerometer; autoplay; clipboard-write; encrypted-media; gyroscope; picture-in-picture\" allowfullscreen><\/iframe><\/div>\n\t\t<\/div>\n\t<\/div>\n<\/div><\/div><\/div><\/div><div class=\"vc_row wpb_row vc_row-fluid\"><div class=\"wpb_column vc_column_container vc_col-md-12\"><div class=\"vc_column-inner\"><div class=\"wpb_wrapper\"><section class=\"vc_cta3-container\"><div class=\"vc_general vc_cta3 vc_cta3-style-classic vc_cta3-shape-rounded vc_cta3-align-justify vc_cta3-color-classic vc_cta3-icon-size-md vc_cta3-actions-left\"><div class=\"vc_cta3_content-container\"><div class=\"vc_cta3-actions\"><div class=\"vc_btn3-container vc_btn3-right\"><a class=\"vc_general vc_btn3 vc_btn3-size-md vc_btn3-shape-rounded vc_btn3-style-modern vc_btn3-icon-left vc_btn3-color-grey\" href=\"http:\/\/visveilingurk.nl\/wp-content\/uploads\/2022\/10\/Veilingreglementmaart2022.pdf\" title=\"\" target=\"_self\"><i class=\"vc_btn3-icon far fa-file-pdf\"><\/i> Download<\/a><\/div>\n<\/div><div class=\"vc_cta3-content\"><header class=\"vc_cta3-content-header\"><h2>Scaricate qui il PDF con le nostre condizioni generali<\/h2><\/header><\/div><\/div><\/div><\/section><\/div><\/div><\/div><\/div>","protected":false},"excerpt":{"rendered":"Een rijke geschiedenis in visOver Visveiling Urk Visveiling Urk is een co\u00f6peratie met twee vestigingen en heeft als doel het realiseren van zo hoog mogelijke opbrengsten voor de vermarktte vis tegen zo laag mogelijke kosten, en het verlenen van optimale &hellip;","protected":false},"author":1,"featured_media":0,"parent":0,"menu_order":0,"comment_status":"closed","ping_status":"closed","template":"","meta":{"footnotes":""},"class_list":["post-1408","page","type-page","status-publish","hentry"],"aioseo_notices":[],"_links":{"self":[{"href":"https:\/\/visveilingurk.nl\/it\/wp-json\/wp\/v2\/pages\/1408","targetHints":{"allow":["GET"]}}],"collection":[{"href":"https:\/\/visveilingurk.nl\/it\/wp-json\/wp\/v2\/pages"}],"about":[{"href":"https:\/\/visveilingurk.nl\/it\/wp-json\/wp\/v2\/types\/page"}],"author":[{"embeddable":true,"href":"https:\/\/visveilingurk.nl\/it\/wp-json\/wp\/v2\/users\/1"}],"replies":[{"embeddable":true,"href":"https:\/\/visveilingurk.nl\/it\/wp-json\/wp\/v2\/comments?post=1408"}],"version-history":[{"count":21,"href":"https:\/\/visveilingurk.nl\/it\/wp-json\/wp\/v2\/pages\/1408\/revisions"}],"predecessor-version":[{"id":2840,"href":"https:\/\/visveilingurk.nl\/it\/wp-json\/wp\/v2\/pages\/1408\/revisions\/2840"}],"wp:attachment":[{"href":"https:\/\/visveilingurk.nl\/it\/wp-json\/wp\/v2\/media?parent=1408"}],"curies":[{"name":"wp","href":"https:\/\/api.w.org\/{rel}","templated":true}]}}