{"id":2329,"date":"2022-03-23T11:13:54","date_gmt":"2022-03-23T11:13:54","guid":{"rendered":"http:\/\/185.37.22.83:82\/?page_id=2329"},"modified":"2025-01-22T13:58:01","modified_gmt":"2025-01-22T13:58:01","slug":"ons-veilproces","status":"publish","type":"page","link":"https:\/\/visveilingurk.nl\/it\/ons-veilproces\/","title":{"rendered":"Il nostro processo d\u2019asta"},"content":{"rendered":"<div data-elementor-type=\"wp-page\" data-elementor-id=\"2329\" class=\"elementor elementor-2329\">\n\t\t\t\t\t\t<section class=\"elementor-section elementor-top-section elementor-element elementor-element-7c7939e0 elementor-section-boxed elementor-section-height-default elementor-section-height-default\" data-id=\"7c7939e0\" data-element_type=\"section\">\n\t\t\t\t\t\t<div class=\"elementor-container elementor-column-gap-default\">\n\t\t\t\t\t<div class=\"elementor-column elementor-col-100 elementor-top-column elementor-element elementor-element-73474de9\" data-id=\"73474de9\" data-element_type=\"column\">\n\t\t\t<div class=\"elementor-widget-wrap elementor-element-populated\">\n\t\t\t\t\t\t<div class=\"elementor-element elementor-element-5cc32350 elementor-widget elementor-widget-text-editor\" data-id=\"5cc32350\" data-element_type=\"widget\" data-widget_type=\"text-editor.default\">\n\t\t\t\t<div class=\"elementor-widget-container\">\n\t\t\t\t\t\t\t\t\t<div class=\"vc_row wpb_row vc_row-fluid\"><div class=\"wpb_column vc_column_container vc_col-md-12\"><div class=\"vc_column-inner\"><div class=\"wpb_wrapper\"><h2 class='heading-left  divider-modern'  style='color: #000000'><span>Il nostro processo d\u2019asta<\/span><\/h2><\/div><\/div><\/div><\/div><div class=\"vc_row wpb_row vc_row-fluid\"><div class=\"wpb_column vc_column_container vc_col-md-12\"><div class=\"vc_column-inner\"><div class=\"wpb_wrapper\">\n\t<div class=\"wpb_text_column wpb_content_element\" >\n\t\t<div class=\"wpb_wrapper\">\n\t\t\t<p>Nella moderna sala d\u2019asta (mijnzaal) di Visveiling Urk, l\u2019asta viene proiettata su due schermi. Su uno \u00e8 visualizzato il \u201cquadrante dell\u2019asta\u201d (la \u201cclock\u201d), sull\u2019altro il sistema di informazioni di pesatura. Questo consente di mostrare molte pi\u00f9 informazioni rispetto a un tradizionale quadrante. Il vantaggio \u00e8 che le posizioni della \u201cclock\u201d e del sistema di pesatura possono essere invertite, rendendo il tutto meno soggetto a guasti.<\/p>\n<p>Sul quadrante, oltre al lotto attuale, vengono mostrati i successivi sei lotti di pesce e i cinque lotti gi\u00e0 venduti. In questo modo, un commerciante pu\u00f2 mantenere facilmente una panoramica dei prezzi. La rete d\u2019asta, controllata da computer, \u00e8 collegata al sistema amministrativo, cos\u00ec le transazioni dei commercianti vengono elaborate quasi immediatamente e possono essere consultate online.<\/p>\n<p>L\u2019acquirente dispone di una moderna tastiera con display. Su di essa pu\u00f2 selezionare, senza l\u2019intervento del banditore, il numero di chili desiderati per ogni cassa. Sul display, l\u2019acquirente pu\u00f2 visualizzare e stampare le proprie transazioni o richiedere informazioni sul proprio credito.<\/p>\n<p>Inoltre, pu\u00f2 richiedere una lista di carico con tutte le informazioni rilevanti sui dati di acquisto. Ogni postazione \u00e8 dotata di due prese dati, a cui \u00e8 possibile collegare, ad esempio, un laptop.<br \/>Ogni acquirente nella sala d\u2019asta di Visafslag Urk bv ha il proprio posto. In pratica, ci\u00f2 significa che da 50 a 60 acquirenti possono sedere sui banchi.<\/p>\n<p>In caso di interruzione di corrente, un generatore situato nella parte posteriore del complesso d\u2019asta garantisce l\u2019alimentazione di emergenza. In questo modo, ogni asta pu\u00f2 proseguire senza ostacoli.<\/p>\n\n\t\t<\/div>\n\t<\/div>\n<\/div><\/div><\/div><div class=\"wpb_column vc_column_container vc_col-md-2\"><div class=\"vc_column-inner\"><div class=\"wpb_wrapper\"><\/div><\/div><\/div><\/div><div data-vc-full-width=\"true\" data-vc-full-width-init=\"false\" class=\"vc_row wpb_row vc_row-fluid no-bottom-padding-row vc_custom_1669804755998 vc_row-has-fill\"><div class=\"wpb_column vc_column_container vc_col-md-12 vc_col-has-fill\"><div class=\"vc_column-inner vc_custom_1669804738339\"><div class=\"wpb_wrapper\"><div class=\"download\"><div class='download-content text-uppercase' style='color: #ffffff'>Scarica qui un PDF per una delega d'asta<\/div><a target='_blank' href='https:\/\/visveilingurk.nl\/wp-content\/uploads\/2025\/01\/Authorization-form-VVU.pdf' class='btn btn-md btn-dark btn-shadow'>Download<\/a><\/div><\/div><\/div><\/div><\/div><div class=\"vc_row-full-width vc_clearfix\"><\/div>\t\t\t\t\t\t\t\t<\/div>\n\t\t\t\t<\/div>\n\t\t\t\t\t<\/div>\n\t\t<\/div>\n\t\t\t\t\t<\/div>\n\t\t<\/section>\n\t\t\t\t<\/div>","protected":false},"excerpt":{"rendered":"Ons veilproces In de moderne mijnzaal van visveiling Urk wordt de veiling op 2 beamers geprojecteerd. Op de ene beamer draait de klok, op de andere \u00a0het weeginformatie systeem. Hierdoor kan er veel meer informatie worden laten gezien dan bij &hellip;","protected":false},"author":1,"featured_media":0,"parent":0,"menu_order":0,"comment_status":"closed","ping_status":"closed","template":"","meta":{"footnotes":""},"class_list":["post-2329","page","type-page","status-publish","hentry"],"aioseo_notices":[],"_links":{"self":[{"href":"https:\/\/visveilingurk.nl\/it\/wp-json\/wp\/v2\/pages\/2329","targetHints":{"allow":["GET"]}}],"collection":[{"href":"https:\/\/visveilingurk.nl\/it\/wp-json\/wp\/v2\/pages"}],"about":[{"href":"https:\/\/visveilingurk.nl\/it\/wp-json\/wp\/v2\/types\/page"}],"author":[{"embeddable":true,"href":"https:\/\/visveilingurk.nl\/it\/wp-json\/wp\/v2\/users\/1"}],"replies":[{"embeddable":true,"href":"https:\/\/visveilingurk.nl\/it\/wp-json\/wp\/v2\/comments?post=2329"}],"version-history":[{"count":16,"href":"https:\/\/visveilingurk.nl\/it\/wp-json\/wp\/v2\/pages\/2329\/revisions"}],"predecessor-version":[{"id":4132,"href":"https:\/\/visveilingurk.nl\/it\/wp-json\/wp\/v2\/pages\/2329\/revisions\/4132"}],"wp:attachment":[{"href":"https:\/\/visveilingurk.nl\/it\/wp-json\/wp\/v2\/media?parent=2329"}],"curies":[{"name":"wp","href":"https:\/\/api.w.org\/{rel}","templated":true}]}}